{"id":1863,"date":"2021-07-06T20:01:07","date_gmt":"2021-07-06T20:01:07","guid":{"rendered":"https:\/\/cedeclive.wpengine.com\/?page_id=1863"},"modified":"2021-07-13T19:24:00","modified_gmt":"2021-07-13T19:24:00","slug":"comment-nous-le-faisons","status":"publish","type":"page","link":"https:\/\/cedec.ca\/fr\/comment-nous-le-faisons\/","title":{"rendered":"Comment nous le faisons"},"content":{"rendered":"\t\t<div data-elementor-type=\"wp-page\" data-elementor-id=\"1863\" class=\"elementor elementor-1863 elementor-1844\" data-elementor-post-type=\"page\">\n\t\t\t\t\t\t<section class=\"elementor-section elementor-top-section elementor-element elementor-element-4346b00 elementor-section-boxed elementor-section-height-default elementor-section-height-default\" data-id=\"4346b00\" data-element_type=\"section\" data-e-type=\"section\" data-settings=\"{&quot;background_background&quot;:&quot;classic&quot;}\">\n\t\t\t\t\t\t<div class=\"elementor-container elementor-column-gap-default\">\n\t\t\t\t\t<div class=\"elementor-column elementor-col-100 elementor-top-column elementor-element elementor-element-7e79bce\" data-id=\"7e79bce\" data-element_type=\"column\" data-e-type=\"column\">\n\t\t\t<div class=\"elementor-widget-wrap elementor-element-populated\">\n\t\t\t\t\t\t<div class=\"elementor-element elementor-element-2eab443 elementor-widget elementor-widget-heading\" data-id=\"2eab443\" data-element_type=\"widget\" data-e-type=\"widget\" data-widget_type=\"heading.default\">\n\t\t\t\t<div class=\"elementor-widget-container\">\n\t\t\t\t\t<h1 class=\"elementor-heading-title elementor-size-default\">Comment nous le faisons<\/h1>\t\t\t\t<\/div>\n\t\t\t\t<\/div>\n\t\t\t\t<div class=\"elementor-element elementor-element-e40076d elementor-widget elementor-widget-text-editor\" data-id=\"e40076d\" data-element_type=\"widget\" data-e-type=\"widget\" data-widget_type=\"text-editor.default\">\n\t\t\t\t<div class=\"elementor-widget-container\">\n\t\t\t\t\t\t\t\t\t<p>La CEDEC poss\u00e8de plus de vingt ans d\u2019exp\u00e9rience sur le terrain et une \u00e9quipe dont la liste des expertises et des connaissances en d\u00e9veloppement \u00e9conomique de plusieurs d\u00e9cennies combin\u00e9es.<\/p><p>Les connaissances \u00e9tendues et approfondies de la CEDEC nous offrent des perspectives exp\u00e9rientielles uniques et ax\u00e9es sur les donn\u00e9es qui nous permettent de b\u00e2tir des entreprises ax\u00e9es vers l\u2019avenir et d&rsquo;en assurer l\u2019expansion, d&rsquo;accro\u00eetre le commerce local, r\u00e9gional, national et international, d&rsquo;augmenter les comp\u00e9tences des travailleurs, de cr\u00e9er de l\u2019emploi et de stimuler les investissements provenant des secteurs public et priv\u00e9 et de la soci\u00e9t\u00e9 civile (PPSC) dans des initiatives viables.<\/p><p>\u00c0 titre de chef de file en d\u00e9veloppement \u00e9conomique collaboratif, nous utilisons notre mod\u00e8le de d\u00e9veloppement \u00e9conomique collaboratif (MDEC) pour :<\/p>\t\t\t\t\t\t\t\t<\/div>\n\t\t\t\t<\/div>\n\t\t\t\t<section class=\"elementor-section elementor-inner-section elementor-element elementor-element-fbb3950 elementor-section-boxed elementor-section-height-default elementor-section-height-default\" data-id=\"fbb3950\" data-element_type=\"section\" data-e-type=\"section\">\n\t\t\t\t\t\t<div class=\"elementor-container elementor-column-gap-default\">\n\t\t\t\t\t<div class=\"elementor-column elementor-col-50 elementor-inner-column elementor-element elementor-element-d3ef03b\" data-id=\"d3ef03b\" data-element_type=\"column\" data-e-type=\"column\">\n\t\t\t<div class=\"elementor-widget-wrap elementor-element-populated\">\n\t\t\t\t\t\t<div class=\"elementor-element elementor-element-16481e9 elementor-widget elementor-widget-image\" data-id=\"16481e9\" data-element_type=\"widget\" data-e-type=\"widget\" data-widget_type=\"image.default\">\n\t\t\t\t<div class=\"elementor-widget-container\">\n\t\t\t\t\t\t\t\t\t\t\t\t\t\t\t<img decoding=\"async\" width=\"80\" height=\"67\" src=\"https:\/\/cedec.ca\/wp-content\/uploads\/2021\/07\/Arrows-icon_80x67.png\" class=\"attachment-full size-full wp-image-1855\" alt=\"\" \/>\t\t\t\t\t\t\t\t\t\t\t\t\t\t\t<\/div>\n\t\t\t\t<\/div>\n\t\t\t\t\t<\/div>\n\t\t<\/div>\n\t\t\t\t<div class=\"elementor-column elementor-col-50 elementor-inner-column elementor-element elementor-element-af5d7a9\" data-id=\"af5d7a9\" data-element_type=\"column\" data-e-type=\"column\">\n\t\t\t<div class=\"elementor-widget-wrap elementor-element-populated\">\n\t\t\t\t\t\t<div class=\"elementor-element elementor-element-648b8cf elementor-widget elementor-widget-text-editor\" data-id=\"648b8cf\" data-element_type=\"widget\" data-e-type=\"widget\" data-widget_type=\"text-editor.default\">\n\t\t\t\t<div class=\"elementor-widget-container\">\n\t\t\t\t\t\t\t\t\t<p>Rassembler, n\u00e9gocier, faciliter et coordonner des partenariats et des collaborations multisectorielles (PPSC).<\/p>\t\t\t\t\t\t\t\t<\/div>\n\t\t\t\t<\/div>\n\t\t\t\t\t<\/div>\n\t\t<\/div>\n\t\t\t\t\t<\/div>\n\t\t<\/section>\n\t\t\t\t<section class=\"elementor-section elementor-inner-section elementor-element elementor-element-5457ad3 elementor-section-boxed elementor-section-height-default elementor-section-height-default\" data-id=\"5457ad3\" data-element_type=\"section\" data-e-type=\"section\">\n\t\t\t\t\t\t<div class=\"elementor-container elementor-column-gap-default\">\n\t\t\t\t\t<div class=\"elementor-column elementor-col-50 elementor-inner-column elementor-element elementor-element-2ad3708\" data-id=\"2ad3708\" data-element_type=\"column\" data-e-type=\"column\">\n\t\t\t<div class=\"elementor-widget-wrap elementor-element-populated\">\n\t\t\t\t\t\t<div class=\"elementor-element elementor-element-0bf4ebf elementor-widget elementor-widget-image\" data-id=\"0bf4ebf\" data-element_type=\"widget\" data-e-type=\"widget\" data-widget_type=\"image.default\">\n\t\t\t\t<div class=\"elementor-widget-container\">\n\t\t\t\t\t\t\t\t\t\t\t\t\t\t\t<img decoding=\"async\" width=\"80\" height=\"67\" src=\"https:\/\/cedec.ca\/wp-content\/uploads\/2021\/07\/Development-icon_80x67.png\" class=\"attachment-full size-full wp-image-1859\" alt=\"\" \/>\t\t\t\t\t\t\t\t\t\t\t\t\t\t\t<\/div>\n\t\t\t\t<\/div>\n\t\t\t\t\t<\/div>\n\t\t<\/div>\n\t\t\t\t<div class=\"elementor-column elementor-col-50 elementor-inner-column elementor-element elementor-element-75ed964\" data-id=\"75ed964\" data-element_type=\"column\" data-e-type=\"column\">\n\t\t\t<div class=\"elementor-widget-wrap elementor-element-populated\">\n\t\t\t\t\t\t<div class=\"elementor-element elementor-element-7efc62b elementor-widget elementor-widget-text-editor\" data-id=\"7efc62b\" data-element_type=\"widget\" data-e-type=\"widget\" data-widget_type=\"text-editor.default\">\n\t\t\t\t<div class=\"elementor-widget-container\">\n\t\t\t\t\t\t\t\t\t<p>D\u00e9terminer et \u00e9valuer les atouts de la communaut\u00e9, les avantages et les possibilit\u00e9s de d\u00e9veloppement \u00e9conomique communautaire.<\/p>\t\t\t\t\t\t\t\t<\/div>\n\t\t\t\t<\/div>\n\t\t\t\t\t<\/div>\n\t\t<\/div>\n\t\t\t\t\t<\/div>\n\t\t<\/section>\n\t\t\t\t<section class=\"elementor-section elementor-inner-section elementor-element elementor-element-06f9997 elementor-section-boxed elementor-section-height-default elementor-section-height-default\" data-id=\"06f9997\" data-element_type=\"section\" data-e-type=\"section\">\n\t\t\t\t\t\t<div class=\"elementor-container elementor-column-gap-default\">\n\t\t\t\t\t<div class=\"elementor-column elementor-col-50 elementor-inner-column elementor-element elementor-element-7896f1f\" data-id=\"7896f1f\" data-element_type=\"column\" data-e-type=\"column\">\n\t\t\t<div class=\"elementor-widget-wrap elementor-element-populated\">\n\t\t\t\t\t\t<div class=\"elementor-element elementor-element-aefa7f4 elementor-widget elementor-widget-image\" data-id=\"aefa7f4\" data-element_type=\"widget\" data-e-type=\"widget\" data-widget_type=\"image.default\">\n\t\t\t\t<div class=\"elementor-widget-container\">\n\t\t\t\t\t\t\t\t\t\t\t\t\t\t\t<img decoding=\"async\" width=\"80\" height=\"67\" src=\"https:\/\/cedec.ca\/wp-content\/uploads\/2021\/07\/Book-icon_80x67.png\" class=\"attachment-full size-full wp-image-1857\" alt=\"\" \/>\t\t\t\t\t\t\t\t\t\t\t\t\t\t\t<\/div>\n\t\t\t\t<\/div>\n\t\t\t\t\t<\/div>\n\t\t<\/div>\n\t\t\t\t<div class=\"elementor-column elementor-col-50 elementor-inner-column elementor-element elementor-element-ab779b1\" data-id=\"ab779b1\" data-element_type=\"column\" data-e-type=\"column\">\n\t\t\t<div class=\"elementor-widget-wrap elementor-element-populated\">\n\t\t\t\t\t\t<div class=\"elementor-element elementor-element-28a6027 elementor-widget elementor-widget-text-editor\" data-id=\"28a6027\" data-element_type=\"widget\" data-e-type=\"widget\" data-widget_type=\"text-editor.default\">\n\t\t\t\t<div class=\"elementor-widget-container\">\n\t\t\t\t\t\t\t\t\t<p>Effectuer une recherche et une analyse \u00e9conomique pertinente \u00e0 la communaut\u00e9.<\/p>\t\t\t\t\t\t\t\t<\/div>\n\t\t\t\t<\/div>\n\t\t\t\t\t<\/div>\n\t\t<\/div>\n\t\t\t\t\t<\/div>\n\t\t<\/section>\n\t\t\t\t<section class=\"elementor-section elementor-inner-section elementor-element elementor-element-0d30581 elementor-section-boxed elementor-section-height-default elementor-section-height-default\" data-id=\"0d30581\" data-element_type=\"section\" data-e-type=\"section\">\n\t\t\t\t\t\t<div class=\"elementor-container elementor-column-gap-default\">\n\t\t\t\t\t<div class=\"elementor-column elementor-col-50 elementor-inner-column elementor-element elementor-element-9667c4e\" data-id=\"9667c4e\" data-element_type=\"column\" data-e-type=\"column\">\n\t\t\t<div class=\"elementor-widget-wrap elementor-element-populated\">\n\t\t\t\t\t\t<div class=\"elementor-element elementor-element-940a316 elementor-widget elementor-widget-image\" data-id=\"940a316\" data-element_type=\"widget\" data-e-type=\"widget\" data-widget_type=\"image.default\">\n\t\t\t\t<div class=\"elementor-widget-container\">\n\t\t\t\t\t\t\t\t\t\t\t\t\t\t\t<img decoding=\"async\" src=\"https:\/\/cedec.ca\/wp-content\/uploads\/elementor\/thumbs\/Magnifying-glass-icon_80x67-q7c22i19z22u52t8spj2ip2pqfdf392iclvufrkd9c.png\" title=\"Magnifying glass icon_80x67\" alt=\"Magnifying glass icon_80x67\" loading=\"lazy\" \/>\t\t\t\t\t\t\t\t\t\t\t\t\t\t\t<\/div>\n\t\t\t\t<\/div>\n\t\t\t\t\t<\/div>\n\t\t<\/div>\n\t\t\t\t<div class=\"elementor-column elementor-col-50 elementor-inner-column elementor-element elementor-element-85c930f\" data-id=\"85c930f\" data-element_type=\"column\" data-e-type=\"column\">\n\t\t\t<div class=\"elementor-widget-wrap elementor-element-populated\">\n\t\t\t\t\t\t<div class=\"elementor-element elementor-element-853d45e elementor-widget elementor-widget-text-editor\" data-id=\"853d45e\" data-element_type=\"widget\" data-e-type=\"widget\" data-widget_type=\"text-editor.default\">\n\t\t\t\t<div class=\"elementor-widget-container\">\n\t\t\t\t\t\t\t\t\t<p>Permettre le tra\u00e7age et la mesure des r\u00e9sultats.<\/p>\t\t\t\t\t\t\t\t<\/div>\n\t\t\t\t<\/div>\n\t\t\t\t\t<\/div>\n\t\t<\/div>\n\t\t\t\t\t<\/div>\n\t\t<\/section>\n\t\t\t\t<div class=\"elementor-element elementor-element-ced72d7 elementor-widget elementor-widget-spacer\" data-id=\"ced72d7\" data-element_type=\"widget\" data-e-type=\"widget\" data-widget_type=\"spacer.default\">\n\t\t\t\t<div class=\"elementor-widget-container\">\n\t\t\t\t\t\t\t<div class=\"elementor-spacer\">\n\t\t\t<div class=\"elementor-spacer-inner\"><\/div>\n\t\t<\/div>\n\t\t\t\t\t\t<\/div>\n\t\t\t\t<\/div>\n\t\t\t\t<div class=\"elementor-element elementor-element-3170bfd elementor-widget elementor-widget-text-editor\" data-id=\"3170bfd\" data-element_type=\"widget\" data-e-type=\"widget\" data-widget_type=\"text-editor.default\">\n\t\t\t\t<div class=\"elementor-widget-container\">\n\t\t\t\t\t\t\t\t\t<p>Notre MDEC est ax\u00e9 sur les possibilit\u00e9s. Il aide les communaut\u00e9s \u00e0 cerner leurs avantages, leurs atouts et leurs forces uniques et \u00e0 les exploiter pour stimuler l\u2019innovation \u00e9conomique, la croissance et le d\u00e9veloppement et r\u00e9aliser une r\u00e9ussite \u00e9conomique durable par l\u2019entremise de la mise en valeur de la main-d\u2019\u0153uvre et de l\u2019investissement communautaire.<\/p><p>Nous encourageons la collaboration intentionnelle qui inspire les gens \u00e0 travailler les uns pour les autres afin d\u2019accro\u00eetre l\u2019activit\u00e9 \u00e9conomique.<\/p>\t\t\t\t\t\t\t\t<\/div>\n\t\t\t\t<\/div>\n\t\t\t\t<section class=\"elementor-section elementor-inner-section elementor-element elementor-element-2bf77f1 elementor-section-boxed elementor-section-height-default elementor-section-height-default\" data-id=\"2bf77f1\" data-element_type=\"section\" data-e-type=\"section\">\n\t\t\t\t\t\t<div class=\"elementor-container elementor-column-gap-default\">\n\t\t\t\t\t<div class=\"elementor-column elementor-col-100 elementor-inner-column elementor-element elementor-element-4e4c612\" data-id=\"4e4c612\" data-element_type=\"column\" data-e-type=\"column\" data-settings=\"{&quot;background_background&quot;:&quot;classic&quot;}\">\n\t\t\t<div class=\"elementor-widget-wrap elementor-element-populated\">\n\t\t\t\t\t\t<div class=\"elementor-element elementor-element-75bad90 elementor-widget elementor-widget-heading\" data-id=\"75bad90\" data-element_type=\"widget\" data-e-type=\"widget\" data-widget_type=\"heading.default\">\n\t\t\t\t<div class=\"elementor-widget-container\">\n\t\t\t\t\t<h2 class=\"elementor-heading-title elementor-size-default\">D\u00e9couvrez comment nous pouvons aider votre communaut\u00e9.<\/h2>\t\t\t\t<\/div>\n\t\t\t\t<\/div>\n\t\t\t\t<div class=\"elementor-element elementor-element-0e69eb8 elementor-align-left elementor-widget elementor-widget-button\" data-id=\"0e69eb8\" data-element_type=\"widget\" data-e-type=\"widget\" data-widget_type=\"button.default\">\n\t\t\t\t<div class=\"elementor-widget-container\">\n\t\t\t\t\t\t\t\t\t<div class=\"elementor-button-wrapper\">\n\t\t\t\t\t<a class=\"elementor-button elementor-button-link elementor-size-sm\" href=\"\/fr\/contactez-nous\/\">\n\t\t\t\t\t\t<span class=\"elementor-button-content-wrapper\">\n\t\t\t\t\t\t\t\t\t<span class=\"elementor-button-text\">Travailler avec la cedec<\/span>\n\t\t\t\t\t<\/span>\n\t\t\t\t\t<\/a>\n\t\t\t\t<\/div>\n\t\t\t\t\t\t\t\t<\/div>\n\t\t\t\t<\/div>\n\t\t\t\t\t<\/div>\n\t\t<\/div>\n\t\t\t\t\t<\/div>\n\t\t<\/section>\n\t\t\t\t\t<\/div>\n\t\t<\/div>\n\t\t\t\t\t<\/div>\n\t\t<\/section>\n\t\t\t\t<\/div>\n\t\t","protected":false},"excerpt":{"rendered":"<p>Comment nous le faisons La CEDEC poss\u00e8de plus de vingt ans d\u2019exp\u00e9rience sur le terrain et une \u00e9quipe dont la liste des expertises et des connaissances en d\u00e9veloppement \u00e9conomique de plusieurs d\u00e9cennies combin\u00e9es. Les connaissances \u00e9tendues et approfondies de la CEDEC nous offrent des perspectives exp\u00e9rientielles uniques et ax\u00e9es sur les donn\u00e9es qui nous permettent [&hellip;]<\/p>\n","protected":false},"author":2,"featured_media":0,"parent":0,"menu_order":0,"comment_status":"closed","ping_status":"closed","template":"","meta":{"_acf_changed":false,"footnotes":""},"class_list":["post-1863","page","type-page","status-publish","hentry","entry"],"acf":[],"yoast_head":"<!-- This site is optimized with the Yoast SEO plugin v27.3 - https:\/\/yoast.com\/product\/yoast-seo-wordpress\/ -->\n<title>Comment nous le faisons - CEDEC<\/title>\n<meta name=\"robots\" content=\"index, follow, max-snippet:-1, max-image-preview:large, max-video-preview:-1\" \/>\n<link rel=\"canonical\" href=\"https:\/\/cedec.ca\/fr\/comment-nous-le-faisons\/\" \/>\n<meta property=\"og:locale\" content=\"fr_FR\" \/>\n<meta property=\"og:type\" content=\"article\" \/>\n<meta property=\"og:title\" content=\"Comment nous le faisons - CEDEC\" \/>\n<meta property=\"og:description\" content=\"Comment nous le faisons La CEDEC poss\u00e8de plus de vingt ans d\u2019exp\u00e9rience sur le terrain et une \u00e9quipe dont la liste des expertises et des connaissances en d\u00e9veloppement \u00e9conomique de plusieurs d\u00e9cennies combin\u00e9es. Les connaissances \u00e9tendues et approfondies de la CEDEC nous offrent des perspectives exp\u00e9rientielles uniques et ax\u00e9es sur les donn\u00e9es qui nous permettent [&hellip;]\" \/>\n<meta property=\"og:url\" content=\"https:\/\/cedec.ca\/fr\/comment-nous-le-faisons\/\" \/>\n<meta property=\"og:site_name\" content=\"CEDEC\" \/>\n<meta property=\"article:modified_time\" content=\"2021-07-13T19:24:00+00:00\" \/>\n<meta property=\"og:image\" content=\"https:\/\/cedec.ca\/wp-content\/uploads\/2021\/07\/Arrows-icon_80x67.png\" \/>\n<meta name=\"twitter:card\" content=\"summary_large_image\" \/>\n<meta name=\"twitter:label1\" content=\"Dur\u00e9e de lecture estim\u00e9e\" \/>\n\t<meta name=\"twitter:data1\" content=\"2 minutes\" \/>\n<script type=\"application\/ld+json\" class=\"yoast-schema-graph\">{\"@context\":\"https:\\\/\\\/schema.org\",\"@graph\":[{\"@type\":\"WebPage\",\"@id\":\"https:\\\/\\\/cedec.ca\\\/fr\\\/comment-nous-le-faisons\\\/\",\"url\":\"https:\\\/\\\/cedec.ca\\\/fr\\\/comment-nous-le-faisons\\\/\",\"name\":\"Comment nous le faisons - CEDEC\",\"isPartOf\":{\"@id\":\"https:\\\/\\\/cedec.ca\\\/fr\\\/#website\"},\"primaryImageOfPage\":{\"@id\":\"https:\\\/\\\/cedec.ca\\\/fr\\\/comment-nous-le-faisons\\\/#primaryimage\"},\"image\":{\"@id\":\"https:\\\/\\\/cedec.ca\\\/fr\\\/comment-nous-le-faisons\\\/#primaryimage\"},\"thumbnailUrl\":\"https:\\\/\\\/cedec.ca\\\/wp-content\\\/uploads\\\/2021\\\/07\\\/Arrows-icon_80x67.png\",\"datePublished\":\"2021-07-06T20:01:07+00:00\",\"dateModified\":\"2021-07-13T19:24:00+00:00\",\"breadcrumb\":{\"@id\":\"https:\\\/\\\/cedec.ca\\\/fr\\\/comment-nous-le-faisons\\\/#breadcrumb\"},\"inLanguage\":\"fr-FR\",\"potentialAction\":[{\"@type\":\"ReadAction\",\"target\":[\"https:\\\/\\\/cedec.ca\\\/fr\\\/comment-nous-le-faisons\\\/\"]}]},{\"@type\":\"ImageObject\",\"inLanguage\":\"fr-FR\",\"@id\":\"https:\\\/\\\/cedec.ca\\\/fr\\\/comment-nous-le-faisons\\\/#primaryimage\",\"url\":\"https:\\\/\\\/cedec.ca\\\/wp-content\\\/uploads\\\/2021\\\/07\\\/Arrows-icon_80x67.png\",\"contentUrl\":\"https:\\\/\\\/cedec.ca\\\/wp-content\\\/uploads\\\/2021\\\/07\\\/Arrows-icon_80x67.png\"},{\"@type\":\"BreadcrumbList\",\"@id\":\"https:\\\/\\\/cedec.ca\\\/fr\\\/comment-nous-le-faisons\\\/#breadcrumb\",\"itemListElement\":[{\"@type\":\"ListItem\",\"position\":1,\"name\":\"Home\",\"item\":\"https:\\\/\\\/cedec.ca\\\/fr\\\/\"},{\"@type\":\"ListItem\",\"position\":2,\"name\":\"Comment nous le faisons\"}]},{\"@type\":\"WebSite\",\"@id\":\"https:\\\/\\\/cedec.ca\\\/fr\\\/#website\",\"url\":\"https:\\\/\\\/cedec.ca\\\/fr\\\/\",\"name\":\"CEDEC\",\"description\":\"\",\"potentialAction\":[{\"@type\":\"SearchAction\",\"target\":{\"@type\":\"EntryPoint\",\"urlTemplate\":\"https:\\\/\\\/cedec.ca\\\/fr\\\/?s={search_term_string}\"},\"query-input\":{\"@type\":\"PropertyValueSpecification\",\"valueRequired\":true,\"valueName\":\"search_term_string\"}}],\"inLanguage\":\"fr-FR\"}]}<\/script>\n<!-- \/ Yoast SEO plugin. -->","yoast_head_json":{"title":"Comment nous le faisons - CEDEC","robots":{"index":"index","follow":"follow","max-snippet":"max-snippet:-1","max-image-preview":"max-image-preview:large","max-video-preview":"max-video-preview:-1"},"canonical":"https:\/\/cedec.ca\/fr\/comment-nous-le-faisons\/","og_locale":"fr_FR","og_type":"article","og_title":"Comment nous le faisons - CEDEC","og_description":"Comment nous le faisons La CEDEC poss\u00e8de plus de vingt ans d\u2019exp\u00e9rience sur le terrain et une \u00e9quipe dont la liste des expertises et des connaissances en d\u00e9veloppement \u00e9conomique de plusieurs d\u00e9cennies combin\u00e9es. Les connaissances \u00e9tendues et approfondies de la CEDEC nous offrent des perspectives exp\u00e9rientielles uniques et ax\u00e9es sur les donn\u00e9es qui nous permettent [&hellip;]","og_url":"https:\/\/cedec.ca\/fr\/comment-nous-le-faisons\/","og_site_name":"CEDEC","article_modified_time":"2021-07-13T19:24:00+00:00","og_image":[{"url":"https:\/\/cedec.ca\/wp-content\/uploads\/2021\/07\/Arrows-icon_80x67.png","type":"","width":"","height":""}],"twitter_card":"summary_large_image","twitter_misc":{"Dur\u00e9e de lecture estim\u00e9e":"2 minutes"},"schema":{"@context":"https:\/\/schema.org","@graph":[{"@type":"WebPage","@id":"https:\/\/cedec.ca\/fr\/comment-nous-le-faisons\/","url":"https:\/\/cedec.ca\/fr\/comment-nous-le-faisons\/","name":"Comment nous le faisons - CEDEC","isPartOf":{"@id":"https:\/\/cedec.ca\/fr\/#website"},"primaryImageOfPage":{"@id":"https:\/\/cedec.ca\/fr\/comment-nous-le-faisons\/#primaryimage"},"image":{"@id":"https:\/\/cedec.ca\/fr\/comment-nous-le-faisons\/#primaryimage"},"thumbnailUrl":"https:\/\/cedec.ca\/wp-content\/uploads\/2021\/07\/Arrows-icon_80x67.png","datePublished":"2021-07-06T20:01:07+00:00","dateModified":"2021-07-13T19:24:00+00:00","breadcrumb":{"@id":"https:\/\/cedec.ca\/fr\/comment-nous-le-faisons\/#breadcrumb"},"inLanguage":"fr-FR","potentialAction":[{"@type":"ReadAction","target":["https:\/\/cedec.ca\/fr\/comment-nous-le-faisons\/"]}]},{"@type":"ImageObject","inLanguage":"fr-FR","@id":"https:\/\/cedec.ca\/fr\/comment-nous-le-faisons\/#primaryimage","url":"https:\/\/cedec.ca\/wp-content\/uploads\/2021\/07\/Arrows-icon_80x67.png","contentUrl":"https:\/\/cedec.ca\/wp-content\/uploads\/2021\/07\/Arrows-icon_80x67.png"},{"@type":"BreadcrumbList","@id":"https:\/\/cedec.ca\/fr\/comment-nous-le-faisons\/#breadcrumb","itemListElement":[{"@type":"ListItem","position":1,"name":"Home","item":"https:\/\/cedec.ca\/fr\/"},{"@type":"ListItem","position":2,"name":"Comment nous le faisons"}]},{"@type":"WebSite","@id":"https:\/\/cedec.ca\/fr\/#website","url":"https:\/\/cedec.ca\/fr\/","name":"CEDEC","description":"","potentialAction":[{"@type":"SearchAction","target":{"@type":"EntryPoint","urlTemplate":"https:\/\/cedec.ca\/fr\/?s={search_term_string}"},"query-input":{"@type":"PropertyValueSpecification","valueRequired":true,"valueName":"search_term_string"}}],"inLanguage":"fr-FR"}]}},"_links":{"self":[{"href":"https:\/\/cedec.ca\/fr\/wp-json\/wp\/v2\/pages\/1863","targetHints":{"allow":["GET"]}}],"collection":[{"href":"https:\/\/cedec.ca\/fr\/wp-json\/wp\/v2\/pages"}],"about":[{"href":"https:\/\/cedec.ca\/fr\/wp-json\/wp\/v2\/types\/page"}],"author":[{"embeddable":true,"href":"https:\/\/cedec.ca\/fr\/wp-json\/wp\/v2\/users\/2"}],"replies":[{"embeddable":true,"href":"https:\/\/cedec.ca\/fr\/wp-json\/wp\/v2\/comments?post=1863"}],"version-history":[{"count":0,"href":"https:\/\/cedec.ca\/fr\/wp-json\/wp\/v2\/pages\/1863\/revisions"}],"wp:attachment":[{"href":"https:\/\/cedec.ca\/fr\/wp-json\/wp\/v2\/media?parent=1863"}],"curies":[{"name":"wp","href":"https:\/\/api.w.org\/{rel}","templated":true}]}}