{"id":2652,"date":"2022-09-01T21:29:05","date_gmt":"2022-09-01T21:29:05","guid":{"rendered":"https:\/\/cedeclive.wpengine.com\/?page_id=2652"},"modified":"2025-09-26T20:23:59","modified_gmt":"2025-09-26T20:23:59","slug":"nos-bureaux","status":"publish","type":"page","link":"https:\/\/cedec.ca\/fr\/nos-bureaux\/","title":{"rendered":"Nos bureaux"},"content":{"rendered":"\t\t<div data-elementor-type=\"wp-page\" data-elementor-id=\"2652\" class=\"elementor elementor-2652 elementor-2651\" data-elementor-post-type=\"page\">\n\t\t\t\t\t\t<section class=\"elementor-section elementor-top-section elementor-element elementor-element-59f5612 elementor-section-boxed elementor-section-height-default elementor-section-height-default\" data-id=\"59f5612\" data-element_type=\"section\" data-e-type=\"section\">\n\t\t\t\t\t\t<div class=\"elementor-container elementor-column-gap-wide\">\n\t\t\t\t\t<div class=\"elementor-column elementor-col-100 elementor-top-column elementor-element elementor-element-a234f9f\" data-id=\"a234f9f\" data-element_type=\"column\" data-e-type=\"column\">\n\t\t\t<div class=\"elementor-widget-wrap elementor-element-populated\">\n\t\t\t\t\t\t<div class=\"elementor-element elementor-element-bdb65ce elementor-widget elementor-widget-heading\" data-id=\"bdb65ce\" data-element_type=\"widget\" data-e-type=\"widget\" data-widget_type=\"heading.default\">\n\t\t\t\t<div class=\"elementor-widget-container\">\n\t\t\t\t\t<h1 class=\"elementor-heading-title elementor-size-default\">Nos bureaux<\/h1>\t\t\t\t<\/div>\n\t\t\t\t<\/div>\n\t\t\t\t\t<\/div>\n\t\t<\/div>\n\t\t\t\t\t<\/div>\n\t\t<\/section>\n\t\t\t\t<section class=\"elementor-section elementor-top-section elementor-element elementor-element-9d9eaf0 elementor-section-boxed elementor-section-height-default elementor-section-height-default\" data-id=\"9d9eaf0\" data-element_type=\"section\" data-e-type=\"section\" data-settings=\"{&quot;background_background&quot;:&quot;classic&quot;}\">\n\t\t\t\t\t\t<div class=\"elementor-container elementor-column-gap-wide\">\n\t\t\t\t\t<div class=\"elementor-column elementor-col-100 elementor-top-column elementor-element elementor-element-9899176\" data-id=\"9899176\" data-element_type=\"column\" data-e-type=\"column\">\n\t\t\t<div class=\"elementor-widget-wrap elementor-element-populated\">\n\t\t\t\t\t\t<section class=\"elementor-section elementor-inner-section elementor-element elementor-element-d823cbc elementor-section-boxed elementor-section-height-default elementor-section-height-default\" data-id=\"d823cbc\" data-element_type=\"section\" data-e-type=\"section\">\n\t\t\t\t\t\t<div class=\"elementor-container elementor-column-gap-default\">\n\t\t\t\t\t<div class=\"elementor-column elementor-col-33 elementor-inner-column elementor-element elementor-element-ce16135\" data-id=\"ce16135\" data-element_type=\"column\" data-e-type=\"column\">\n\t\t\t<div class=\"elementor-widget-wrap elementor-element-populated\">\n\t\t\t\t\t\t<div class=\"elementor-element elementor-element-b1270d6 elementor-widget elementor-widget-text-editor\" data-id=\"b1270d6\" data-element_type=\"widget\" data-e-type=\"widget\" data-widget_type=\"text-editor.default\">\n\t\t\t\t<div class=\"elementor-widget-container\">\n\t\t\t\t\t\t\t\t\t<p class=\"p1\">205 \u2013 15, rue Gamble Est<br \/>Rouyn-Noranda (Qu\u00e9bec)<br \/>J9X 3B6<br \/><strong><a href=\"tel:418-681-2345\">418-681-2345<\/a><\/strong><\/p>\t\t\t\t\t\t\t\t<\/div>\n\t\t\t\t<\/div>\n\t\t\t\t\t<\/div>\n\t\t<\/div>\n\t\t\t\t<div class=\"elementor-column elementor-col-33 elementor-inner-column elementor-element elementor-element-069cdce\" data-id=\"069cdce\" data-element_type=\"column\" data-e-type=\"column\">\n\t\t\t<div class=\"elementor-widget-wrap elementor-element-populated\">\n\t\t\t\t\t\t<div class=\"elementor-element elementor-element-ceb1046 elementor-widget elementor-widget-text-editor\" data-id=\"ceb1046\" data-element_type=\"widget\" data-e-type=\"widget\" data-widget_type=\"text-editor.default\">\n\t\t\t\t<div class=\"elementor-widget-container\">\n\t\t\t\t\t\t\t\t\t<p class=\"p1\">107 \u2013 5104, boul. Bourque<br \/>Sherbrooke (Qu\u00e9bec)<br \/>J1N 2K7<br \/><strong><a href=\"tel:819-566-7228\">819-566-7228<\/a><\/strong><\/p>\t\t\t\t\t\t\t\t<\/div>\n\t\t\t\t<\/div>\n\t\t\t\t\t<\/div>\n\t\t<\/div>\n\t\t\t\t<div class=\"elementor-column elementor-col-33 elementor-inner-column elementor-element elementor-element-2d5a09e\" data-id=\"2d5a09e\" data-element_type=\"column\" data-e-type=\"column\">\n\t\t\t<div class=\"elementor-widget-wrap elementor-element-populated\">\n\t\t\t\t\t\t<div class=\"elementor-element elementor-element-044838d elementor-widget elementor-widget-text-editor\" data-id=\"044838d\" data-element_type=\"widget\" data-e-type=\"widget\" data-widget_type=\"text-editor.default\">\n\t\t\t\t<div class=\"elementor-widget-container\">\n\t\t\t\t\t\t\t\t\t<p class=\"p1\">104C, boul. G\u00e9rard-D.-Levesque<br>\nC.P. 505<br>\nNew Carlisle (Qu\u00e9bec)<br>\nG0C 1Z0<br>\n<strong><a href=\"tel:4183759636\">418-375-9636<\/a><\/strong><\/p>\t\t\t\t\t\t\t\t<\/div>\n\t\t\t\t<\/div>\n\t\t\t\t\t<\/div>\n\t\t<\/div>\n\t\t\t\t\t<\/div>\n\t\t<\/section>\n\t\t\t\t<section class=\"elementor-section elementor-inner-section elementor-element elementor-element-9c877bd elementor-section-boxed elementor-section-height-default elementor-section-height-default\" data-id=\"9c877bd\" data-element_type=\"section\" data-e-type=\"section\">\n\t\t\t\t\t\t<div class=\"elementor-container elementor-column-gap-default\">\n\t\t\t\t\t<div class=\"elementor-column elementor-col-33 elementor-inner-column elementor-element elementor-element-3668c36\" data-id=\"3668c36\" data-element_type=\"column\" data-e-type=\"column\">\n\t\t\t<div class=\"elementor-widget-wrap elementor-element-populated\">\n\t\t\t\t\t\t<div class=\"elementor-element elementor-element-f473b82 elementor-widget elementor-widget-text-editor\" data-id=\"f473b82\" data-element_type=\"widget\" data-e-type=\"widget\" data-widget_type=\"text-editor.default\">\n\t\t\t\t<div class=\"elementor-widget-container\">\n\t\t\t\t\t\t\t\t\t<p class=\"p1\">2727 rue St-Patrick<br \/>Suite 109-7<br \/>Montr\u00e9al (Qu\u00e9bec)<br \/>H3K 0A8<br \/><strong><a href=\"tel:514-903-3753\">514-903-3753<\/a><\/strong><\/p>\t\t\t\t\t\t\t\t<\/div>\n\t\t\t\t<\/div>\n\t\t\t\t\t<\/div>\n\t\t<\/div>\n\t\t\t\t<div class=\"elementor-column elementor-col-33 elementor-inner-column elementor-element elementor-element-11be791\" data-id=\"11be791\" data-element_type=\"column\" data-e-type=\"column\">\n\t\t\t<div class=\"elementor-widget-wrap elementor-element-populated\">\n\t\t\t\t\t\t<div class=\"elementor-element elementor-element-b06233a elementor-widget elementor-widget-text-editor\" data-id=\"b06233a\" data-element_type=\"widget\" data-e-type=\"widget\" data-widget_type=\"text-editor.default\">\n\t\t\t\t<div class=\"elementor-widget-container\">\n\t\t\t\t\t\t\t\t\t<p class=\"p1\">1161, boul. Docteur-Camille-Marcoux<br>\nC.P. 403<br>\nLourdes-de-Blanc-Sablon (Qu\u00e9bec)<br>\nG0G 1W0<br>\n<strong><a href=\"tel:4189377193\">418-937-7193<\/a><\/strong><\/p>\t\t\t\t\t\t\t\t<\/div>\n\t\t\t\t<\/div>\n\t\t\t\t\t<\/div>\n\t\t<\/div>\n\t\t\t\t<div class=\"elementor-column elementor-col-33 elementor-inner-column elementor-element elementor-element-f7a7ed6\" data-id=\"f7a7ed6\" data-element_type=\"column\" data-e-type=\"column\">\n\t\t\t<div class=\"elementor-widget-wrap elementor-element-populated\">\n\t\t\t\t\t\t<div class=\"elementor-element elementor-element-11d13e0 elementor-widget elementor-widget-text-editor\" data-id=\"11d13e0\" data-element_type=\"widget\" data-e-type=\"widget\" data-widget_type=\"text-editor.default\">\n\t\t\t\t<div class=\"elementor-widget-container\">\n\t\t\t\t\t\t\t\t\t<p class=\"p1\">1493, route 138<br \/>C.P. 90013<br \/>Huntingdon (Qu\u00e9bec)<br \/>J0S 1H0<br \/><strong><a href=\"tel:450-264-5510\">450-264-5510<\/a><\/strong><\/p>\t\t\t\t\t\t\t\t<\/div>\n\t\t\t\t<\/div>\n\t\t\t\t\t<\/div>\n\t\t<\/div>\n\t\t\t\t\t<\/div>\n\t\t<\/section>\n\t\t\t\t<section class=\"elementor-section elementor-inner-section elementor-element elementor-element-7496d49 elementor-section-boxed elementor-section-height-default elementor-section-height-default\" data-id=\"7496d49\" data-element_type=\"section\" data-e-type=\"section\">\n\t\t\t\t\t\t<div class=\"elementor-container elementor-column-gap-default\">\n\t\t\t\t\t<div class=\"elementor-column elementor-col-33 elementor-inner-column elementor-element elementor-element-8e58d25\" data-id=\"8e58d25\" data-element_type=\"column\" data-e-type=\"column\">\n\t\t\t<div class=\"elementor-widget-wrap elementor-element-populated\">\n\t\t\t\t\t\t<div class=\"elementor-element elementor-element-951341b elementor-widget elementor-widget-text-editor\" data-id=\"951341b\" data-element_type=\"widget\" data-e-type=\"widget\" data-widget_type=\"text-editor.default\">\n\t\t\t\t<div class=\"elementor-widget-container\">\n\t\t\t\t\t\t\t\t\t<p class=\"p1\">115, avenue Victoria<br>\nC.P. 823<br>\nShawville (Qu\u00e9bec)<br>\nJ0X 2Y0<br>\n<strong><a href=\"tel:8192723052\">819-272-3052<\/a><\/strong><\/p>\t\t\t\t\t\t\t\t<\/div>\n\t\t\t\t<\/div>\n\t\t\t\t\t<\/div>\n\t\t<\/div>\n\t\t\t\t<div class=\"elementor-column elementor-col-33 elementor-inner-column elementor-element elementor-element-fb3015e\" data-id=\"fb3015e\" data-element_type=\"column\" data-e-type=\"column\">\n\t\t\t<div class=\"elementor-widget-wrap elementor-element-populated\">\n\t\t\t\t\t\t<div class=\"elementor-element elementor-element-69c0828 elementor-widget elementor-widget-text-editor\" data-id=\"69c0828\" data-element_type=\"widget\" data-e-type=\"widget\" data-widget_type=\"text-editor.default\">\n\t\t\t\t<div class=\"elementor-widget-container\">\n\t\t\t\t\t\t\t\t\t<p class=\"p1\">155, boulevard Charest Est<br \/>Suite 190, C.P. 26<br \/>Qu\u00e9bec (Qu\u00e9bec)<br \/>G1K 3G6<br \/><strong><a href=\"tel:418-681-2345\">418-681-2345<\/a><\/strong><\/p>\t\t\t\t\t\t\t\t<\/div>\n\t\t\t\t<\/div>\n\t\t\t\t\t<\/div>\n\t\t<\/div>\n\t\t\t\t<div class=\"elementor-column elementor-col-33 elementor-inner-column elementor-element elementor-element-fb51c61\" data-id=\"fb51c61\" data-element_type=\"column\" data-e-type=\"column\">\n\t\t\t<div class=\"elementor-widget-wrap elementor-element-populated\">\n\t\t\t\t\t\t\t<\/div>\n\t\t<\/div>\n\t\t\t\t\t<\/div>\n\t\t<\/section>\n\t\t\t\t\t<\/div>\n\t\t<\/div>\n\t\t\t\t\t<\/div>\n\t\t<\/section>\n\t\t\t\t<section class=\"elementor-section elementor-top-section elementor-element elementor-element-b27b481 elementor-section-boxed elementor-section-height-default elementor-section-height-default\" data-id=\"b27b481\" data-element_type=\"section\" data-e-type=\"section\" data-settings=\"{&quot;background_background&quot;:&quot;classic&quot;}\">\n\t\t\t\t\t\t<div class=\"elementor-container elementor-column-gap-wide\">\n\t\t\t\t\t<div class=\"elementor-column elementor-col-50 elementor-top-column elementor-element elementor-element-edc5e66\" data-id=\"edc5e66\" data-element_type=\"column\" data-e-type=\"column\">\n\t\t\t<div class=\"elementor-widget-wrap elementor-element-populated\">\n\t\t\t\t\t\t<div class=\"elementor-element elementor-element-0db1eca elementor-widget elementor-widget-heading\" data-id=\"0db1eca\" data-element_type=\"widget\" data-e-type=\"widget\" data-widget_type=\"heading.default\">\n\t\t\t\t<div class=\"elementor-widget-container\">\n\t\t\t\t\t<h2 class=\"elementor-heading-title elementor-size-default\">Contactez-nous<\/h2>\t\t\t\t<\/div>\n\t\t\t\t<\/div>\n\t\t\t\t\t<\/div>\n\t\t<\/div>\n\t\t\t\t<div class=\"elementor-column elementor-col-50 elementor-top-column elementor-element elementor-element-6ebc566\" data-id=\"6ebc566\" data-element_type=\"column\" data-e-type=\"column\">\n\t\t\t<div class=\"elementor-widget-wrap elementor-element-populated\">\n\t\t\t\t\t\t<div class=\"elementor-element elementor-element-bf533e7 elementor-widget elementor-widget-heading\" data-id=\"bf533e7\" data-element_type=\"widget\" data-e-type=\"widget\" data-widget_type=\"heading.default\">\n\t\t\t\t<div class=\"elementor-widget-container\">\n\t\t\t\t\t<h2 class=\"elementor-heading-title elementor-size-default\">Num\u00e9ro sans frais:  <a href=\"tel:8886419912\">1-888-641-9912<\/h2>\t\t\t\t<\/div>\n\t\t\t\t<\/div>\n\t\t\t\t\t<\/div>\n\t\t<\/div>\n\t\t\t\t\t<\/div>\n\t\t<\/section>\n\t\t\t\t<\/div>\n\t\t","protected":false},"excerpt":{"rendered":"<p>Nos bureaux 205 \u2013 15, rue Gamble EstRouyn-Noranda (Qu\u00e9bec)J9X 3B6418-681-2345 107 \u2013 5104, boul. BourqueSherbrooke (Qu\u00e9bec)J1N 2K7819-566-7228 104C, boul. G\u00e9rard-D.-Levesque C.P. 505 New Carlisle (Qu\u00e9bec) G0C 1Z0 418-375-9636 2727 rue St-PatrickSuite 109-7Montr\u00e9al (Qu\u00e9bec)H3K 0A8514-903-3753 1161, boul. Docteur-Camille-Marcoux C.P. 403 Lourdes-de-Blanc-Sablon (Qu\u00e9bec) G0G 1W0 418-937-7193 1493, route 138C.P. 90013Huntingdon (Qu\u00e9bec)J0S 1H0450-264-5510 115, avenue Victoria C.P. 823 [&hellip;]<\/p>\n","protected":false},"author":2,"featured_media":0,"parent":0,"menu_order":0,"comment_status":"closed","ping_status":"closed","template":"","meta":{"_acf_changed":false,"footnotes":""},"class_list":["post-2652","page","type-page","status-publish","hentry","entry"],"acf":[],"yoast_head":"<!-- This site is optimized with the Yoast SEO plugin v27.3 - https:\/\/yoast.com\/product\/yoast-seo-wordpress\/ -->\n<title>Nos bureaux - CEDEC<\/title>\n<meta name=\"robots\" content=\"index, follow, max-snippet:-1, max-image-preview:large, max-video-preview:-1\" \/>\n<link rel=\"canonical\" href=\"https:\/\/cedec.ca\/fr\/nos-bureaux\/\" \/>\n<meta property=\"og:locale\" content=\"fr_FR\" \/>\n<meta property=\"og:type\" content=\"article\" \/>\n<meta property=\"og:title\" content=\"Nos bureaux - CEDEC\" \/>\n<meta property=\"og:description\" content=\"Nos bureaux 205 \u2013 15, rue Gamble EstRouyn-Noranda (Qu\u00e9bec)J9X 3B6418-681-2345 107 \u2013 5104, boul. BourqueSherbrooke (Qu\u00e9bec)J1N 2K7819-566-7228 104C, boul. G\u00e9rard-D.-Levesque C.P. 505 New Carlisle (Qu\u00e9bec) G0C 1Z0 418-375-9636 2727 rue St-PatrickSuite 109-7Montr\u00e9al (Qu\u00e9bec)H3K 0A8514-903-3753 1161, boul. Docteur-Camille-Marcoux C.P. 403 Lourdes-de-Blanc-Sablon (Qu\u00e9bec) G0G 1W0 418-937-7193 1493, route 138C.P. 90013Huntingdon (Qu\u00e9bec)J0S 1H0450-264-5510 115, avenue Victoria C.P. 823 [&hellip;]\" \/>\n<meta property=\"og:url\" content=\"https:\/\/cedec.ca\/fr\/nos-bureaux\/\" \/>\n<meta property=\"og:site_name\" content=\"CEDEC\" \/>\n<meta property=\"article:modified_time\" content=\"2025-09-26T20:23:59+00:00\" \/>\n<meta name=\"twitter:card\" content=\"summary_large_image\" \/>\n<meta name=\"twitter:label1\" content=\"Dur\u00e9e de lecture estim\u00e9e\" \/>\n\t<meta name=\"twitter:data1\" content=\"1 minute\" \/>\n<script type=\"application\/ld+json\" class=\"yoast-schema-graph\">{\"@context\":\"https:\\\/\\\/schema.org\",\"@graph\":[{\"@type\":\"WebPage\",\"@id\":\"https:\\\/\\\/cedec.ca\\\/fr\\\/nos-bureaux\\\/\",\"url\":\"https:\\\/\\\/cedec.ca\\\/fr\\\/nos-bureaux\\\/\",\"name\":\"Nos bureaux - CEDEC\",\"isPartOf\":{\"@id\":\"https:\\\/\\\/cedec.ca\\\/fr\\\/#website\"},\"datePublished\":\"2022-09-01T21:29:05+00:00\",\"dateModified\":\"2025-09-26T20:23:59+00:00\",\"breadcrumb\":{\"@id\":\"https:\\\/\\\/cedec.ca\\\/fr\\\/nos-bureaux\\\/#breadcrumb\"},\"inLanguage\":\"fr-FR\",\"potentialAction\":[{\"@type\":\"ReadAction\",\"target\":[\"https:\\\/\\\/cedec.ca\\\/fr\\\/nos-bureaux\\\/\"]}]},{\"@type\":\"BreadcrumbList\",\"@id\":\"https:\\\/\\\/cedec.ca\\\/fr\\\/nos-bureaux\\\/#breadcrumb\",\"itemListElement\":[{\"@type\":\"ListItem\",\"position\":1,\"name\":\"Home\",\"item\":\"https:\\\/\\\/cedec.ca\\\/fr\\\/\"},{\"@type\":\"ListItem\",\"position\":2,\"name\":\"Nos bureaux\"}]},{\"@type\":\"WebSite\",\"@id\":\"https:\\\/\\\/cedec.ca\\\/fr\\\/#website\",\"url\":\"https:\\\/\\\/cedec.ca\\\/fr\\\/\",\"name\":\"CEDEC\",\"description\":\"\",\"potentialAction\":[{\"@type\":\"SearchAction\",\"target\":{\"@type\":\"EntryPoint\",\"urlTemplate\":\"https:\\\/\\\/cedec.ca\\\/fr\\\/?s={search_term_string}\"},\"query-input\":{\"@type\":\"PropertyValueSpecification\",\"valueRequired\":true,\"valueName\":\"search_term_string\"}}],\"inLanguage\":\"fr-FR\"}]}<\/script>\n<!-- \/ Yoast SEO plugin. -->","yoast_head_json":{"title":"Nos bureaux - CEDEC","robots":{"index":"index","follow":"follow","max-snippet":"max-snippet:-1","max-image-preview":"max-image-preview:large","max-video-preview":"max-video-preview:-1"},"canonical":"https:\/\/cedec.ca\/fr\/nos-bureaux\/","og_locale":"fr_FR","og_type":"article","og_title":"Nos bureaux - CEDEC","og_description":"Nos bureaux 205 \u2013 15, rue Gamble EstRouyn-Noranda (Qu\u00e9bec)J9X 3B6418-681-2345 107 \u2013 5104, boul. BourqueSherbrooke (Qu\u00e9bec)J1N 2K7819-566-7228 104C, boul. G\u00e9rard-D.-Levesque C.P. 505 New Carlisle (Qu\u00e9bec) G0C 1Z0 418-375-9636 2727 rue St-PatrickSuite 109-7Montr\u00e9al (Qu\u00e9bec)H3K 0A8514-903-3753 1161, boul. Docteur-Camille-Marcoux C.P. 403 Lourdes-de-Blanc-Sablon (Qu\u00e9bec) G0G 1W0 418-937-7193 1493, route 138C.P. 90013Huntingdon (Qu\u00e9bec)J0S 1H0450-264-5510 115, avenue Victoria C.P. 823 [&hellip;]","og_url":"https:\/\/cedec.ca\/fr\/nos-bureaux\/","og_site_name":"CEDEC","article_modified_time":"2025-09-26T20:23:59+00:00","twitter_card":"summary_large_image","twitter_misc":{"Dur\u00e9e de lecture estim\u00e9e":"1 minute"},"schema":{"@context":"https:\/\/schema.org","@graph":[{"@type":"WebPage","@id":"https:\/\/cedec.ca\/fr\/nos-bureaux\/","url":"https:\/\/cedec.ca\/fr\/nos-bureaux\/","name":"Nos bureaux - CEDEC","isPartOf":{"@id":"https:\/\/cedec.ca\/fr\/#website"},"datePublished":"2022-09-01T21:29:05+00:00","dateModified":"2025-09-26T20:23:59+00:00","breadcrumb":{"@id":"https:\/\/cedec.ca\/fr\/nos-bureaux\/#breadcrumb"},"inLanguage":"fr-FR","potentialAction":[{"@type":"ReadAction","target":["https:\/\/cedec.ca\/fr\/nos-bureaux\/"]}]},{"@type":"BreadcrumbList","@id":"https:\/\/cedec.ca\/fr\/nos-bureaux\/#breadcrumb","itemListElement":[{"@type":"ListItem","position":1,"name":"Home","item":"https:\/\/cedec.ca\/fr\/"},{"@type":"ListItem","position":2,"name":"Nos bureaux"}]},{"@type":"WebSite","@id":"https:\/\/cedec.ca\/fr\/#website","url":"https:\/\/cedec.ca\/fr\/","name":"CEDEC","description":"","potentialAction":[{"@type":"SearchAction","target":{"@type":"EntryPoint","urlTemplate":"https:\/\/cedec.ca\/fr\/?s={search_term_string}"},"query-input":{"@type":"PropertyValueSpecification","valueRequired":true,"valueName":"search_term_string"}}],"inLanguage":"fr-FR"}]}},"_links":{"self":[{"href":"https:\/\/cedec.ca\/fr\/wp-json\/wp\/v2\/pages\/2652","targetHints":{"allow":["GET"]}}],"collection":[{"href":"https:\/\/cedec.ca\/fr\/wp-json\/wp\/v2\/pages"}],"about":[{"href":"https:\/\/cedec.ca\/fr\/wp-json\/wp\/v2\/types\/page"}],"author":[{"embeddable":true,"href":"https:\/\/cedec.ca\/fr\/wp-json\/wp\/v2\/users\/2"}],"replies":[{"embeddable":true,"href":"https:\/\/cedec.ca\/fr\/wp-json\/wp\/v2\/comments?post=2652"}],"version-history":[{"count":5,"href":"https:\/\/cedec.ca\/fr\/wp-json\/wp\/v2\/pages\/2652\/revisions"}],"predecessor-version":[{"id":4898,"href":"https:\/\/cedec.ca\/fr\/wp-json\/wp\/v2\/pages\/2652\/revisions\/4898"}],"wp:attachment":[{"href":"https:\/\/cedec.ca\/fr\/wp-json\/wp\/v2\/media?parent=2652"}],"curies":[{"name":"wp","href":"https:\/\/api.w.org\/{rel}","templated":true}]}}