{"id":2667,"date":"2022-09-21T16:39:28","date_gmt":"2022-09-21T16:39:28","guid":{"rendered":"https:\/\/cedeclive.wpengine.com\/?page_id=2667"},"modified":"2024-11-29T22:29:08","modified_gmt":"2024-11-29T22:29:08","slug":"confidentialite","status":"publish","type":"page","link":"https:\/\/cedec.ca\/fr\/confidentialite\/","title":{"rendered":"Confidentialit\u00e9"},"content":{"rendered":"\t\t<div data-elementor-type=\"wp-page\" data-elementor-id=\"2667\" class=\"elementor elementor-2667 elementor-2649\" data-elementor-post-type=\"page\">\n\t\t\t\t\t\t<section class=\"elementor-section elementor-top-section elementor-element elementor-element-4346b00 elementor-section-boxed elementor-section-height-default elementor-section-height-default\" data-id=\"4346b00\" data-element_type=\"section\" data-e-type=\"section\" data-settings=\"{&quot;background_background&quot;:&quot;classic&quot;}\">\n\t\t\t\t\t\t<div class=\"elementor-container elementor-column-gap-default\">\n\t\t\t\t\t<div class=\"elementor-column elementor-col-100 elementor-top-column elementor-element elementor-element-7e79bce\" data-id=\"7e79bce\" data-element_type=\"column\" data-e-type=\"column\">\n\t\t\t<div class=\"elementor-widget-wrap elementor-element-populated\">\n\t\t\t\t\t\t<div class=\"elementor-element elementor-element-2eab443 elementor-widget elementor-widget-heading\" data-id=\"2eab443\" data-element_type=\"widget\" data-e-type=\"widget\" data-widget_type=\"heading.default\">\n\t\t\t\t<div class=\"elementor-widget-container\">\n\t\t\t\t\t<h1 class=\"elementor-heading-title elementor-size-default\">Politique de la CEDEC sur la protection de la vie priv\u00e9e et les renseignements personnels <\/h1>\t\t\t\t<\/div>\n\t\t\t\t<\/div>\n\t\t\t\t<div class=\"elementor-element elementor-element-e40076d elementor-widget elementor-widget-text-editor\" data-id=\"e40076d\" data-element_type=\"widget\" data-e-type=\"widget\" data-widget_type=\"text-editor.default\">\n\t\t\t\t<div class=\"elementor-widget-container\">\n\t\t\t\t\t\t\t\t\t<p>Conform\u00e9ment \u00e0 la Loi sur la protection des renseignements personnels dans le secteur priv\u00e9 du gouvernement du Qu\u00e9bec. La CEDEC s\u2019engage \u00e0 la cueillette, l\u2019utilisation et l\u2019\u00e9limination des renseignements personnels de mani\u00e8re transparente et responsable. La loi qu\u00e9b\u00e9coise d\u00e9finit les renseignements personnels comme \u00e9tant toute information qui peut \u00eatre utilis\u00e9e pour identifier un individu de mani\u00e8re directe ou indirecte.<\/p>\t\t\t\t\t\t\t\t<\/div>\n\t\t\t\t<\/div>\n\t\t\t\t<div class=\"elementor-element elementor-element-b23bbd4 elementor-widget elementor-widget-accordion\" data-id=\"b23bbd4\" data-element_type=\"widget\" data-e-type=\"widget\" data-widget_type=\"accordion.default\">\n\t\t\t\t<div class=\"elementor-widget-container\">\n\t\t\t\t\t\t\t<div class=\"elementor-accordion\">\n\t\t\t\t\t\t\t<div class=\"elementor-accordion-item\">\n\t\t\t\t\t<div id=\"elementor-tab-title-1861\" class=\"elementor-tab-title\" data-tab=\"1\" role=\"button\" aria-controls=\"elementor-tab-content-1861\" aria-expanded=\"false\">\n\t\t\t\t\t\t\t\t\t\t\t\t\t<span class=\"elementor-accordion-icon elementor-accordion-icon-left\" aria-hidden=\"true\">\n\t\t\t\t\t\t\t\t\t\t\t\t\t\t\t<span class=\"elementor-accordion-icon-closed\"><i class=\"fas fa-plus\"><\/i><\/span>\n\t\t\t\t\t\t\t\t<span class=\"elementor-accordion-icon-opened\"><i class=\"fas fa-minus\"><\/i><\/span>\n\t\t\t\t\t\t\t\t\t\t\t\t\t\t<\/span>\n\t\t\t\t\t\t\t\t\t\t\t\t<a class=\"elementor-accordion-title\" tabindex=\"0\">Notre utilisation des renseignements personnels<\/a>\n\t\t\t\t\t<\/div>\n\t\t\t\t\t<div id=\"elementor-tab-content-1861\" class=\"elementor-tab-content elementor-clearfix\" data-tab=\"1\" role=\"region\" aria-labelledby=\"elementor-tab-title-1861\"><ul><li>Informer les gens au sujet de notre travail en utilisant notre site Web, les m\u00e9dias sociaux, les publications et autres m\u00e9dias<\/li><li>Livrer nos services<\/li><li>Collaborer avec des partenaires et des parties prenantes<\/li><li>Traiter les inscriptions \u00e0 des activit\u00e9s<\/li><li>\u00c9valuer nos activit\u00e9s commerciales et assurer la responsabilit\u00e9<\/li><li>Remplir les obligations et les exigences pr\u00e9vues par la loi<\/li><li>Faire affaire avec des fournisseurs<\/li><li>Entreprendre des recherches \u00e9conomiques<\/li><\/ul><p>Prenez note que la CEDEC entreprend des recherches selon des normes \u00e9thiques strictes con\u00e7ues pour prot\u00e9ger la vie priv\u00e9e des individus.<\/p><\/div>\n\t\t\t\t<\/div>\n\t\t\t\t\t\t\t<div class=\"elementor-accordion-item\">\n\t\t\t\t\t<div id=\"elementor-tab-title-1862\" class=\"elementor-tab-title\" data-tab=\"2\" role=\"button\" aria-controls=\"elementor-tab-content-1862\" aria-expanded=\"false\">\n\t\t\t\t\t\t\t\t\t\t\t\t\t<span class=\"elementor-accordion-icon elementor-accordion-icon-left\" aria-hidden=\"true\">\n\t\t\t\t\t\t\t\t\t\t\t\t\t\t\t<span class=\"elementor-accordion-icon-closed\"><i class=\"fas fa-plus\"><\/i><\/span>\n\t\t\t\t\t\t\t\t<span class=\"elementor-accordion-icon-opened\"><i class=\"fas fa-minus\"><\/i><\/span>\n\t\t\t\t\t\t\t\t\t\t\t\t\t\t<\/span>\n\t\t\t\t\t\t\t\t\t\t\t\t<a class=\"elementor-accordion-title\" tabindex=\"0\">Nos m\u00e9thodes de collecte des renseignements personnels<\/a>\n\t\t\t\t\t<\/div>\n\t\t\t\t\t<div id=\"elementor-tab-content-1862\" class=\"elementor-tab-content elementor-clearfix\" data-tab=\"2\" role=\"region\" aria-labelledby=\"elementor-tab-title-1862\"><p>Les m\u00e9thodes de cueillette des renseignements personnels comprennent\u00a0:<\/p><ul><li>Les r\u00e9ponses aux demandes d\u2019individus voulant se voir ajouter \u00e0 la liste d\u2019envoi \u00e0 des fins de communications<\/li><li>La consultation des coordonn\u00e9es qui ont \u00e9t\u00e9 publi\u00e9es au grand public et manifestement aux fins explicites de communication d\u2019entreprises.<\/li><li>Le traitement des inscriptions \u00e0 une activit\u00e9<\/li><li>En prenant des photographies et des enregistrements audio ou vid\u00e9o lors d\u2019\u00e9v\u00e9nements ou autres activit\u00e9s<\/li><li>La n\u00e9gociation de protocoles d\u2019entente, des partenariats et des ententes de collaboration<\/li><li>La gestion des contrats d\u2019emploi et de fournisseurs<\/li><li>Le travail de recherches \u00e9conomiques<\/li><\/ul><p>La CEDEC ne vend pas des renseignements personnels, elle ne les partage pas et ne les distribue pas \u00e0 des fins autres qu\u2019\u00e0 des fins professionnelles d\u00e9finies. Nous ne conservons pas des renseignements personnels qui ne sont plus n\u00e9cessaires et nous \u00e9liminons les renseignements inutiles de mani\u00e8re s\u00e9curitaire.<\/p><p>Lorsque possible, nous obtenons un consentement direct pour la cueillette et \u00e0 la conservation des renseignements personnels.<\/p><\/div>\n\t\t\t\t<\/div>\n\t\t\t\t\t\t\t<div class=\"elementor-accordion-item\">\n\t\t\t\t\t<div id=\"elementor-tab-title-1863\" class=\"elementor-tab-title\" data-tab=\"3\" role=\"button\" aria-controls=\"elementor-tab-content-1863\" aria-expanded=\"false\">\n\t\t\t\t\t\t\t\t\t\t\t\t\t<span class=\"elementor-accordion-icon elementor-accordion-icon-left\" aria-hidden=\"true\">\n\t\t\t\t\t\t\t\t\t\t\t\t\t\t\t<span class=\"elementor-accordion-icon-closed\"><i class=\"fas fa-plus\"><\/i><\/span>\n\t\t\t\t\t\t\t\t<span class=\"elementor-accordion-icon-opened\"><i class=\"fas fa-minus\"><\/i><\/span>\n\t\t\t\t\t\t\t\t\t\t\t\t\t\t<\/span>\n\t\t\t\t\t\t\t\t\t\t\t\t<a class=\"elementor-accordion-title\" tabindex=\"0\">Nos m\u00e9thodes de protection des renseignements personnels<\/a>\n\t\t\t\t\t<\/div>\n\t\t\t\t\t<div id=\"elementor-tab-content-1863\" class=\"elementor-tab-content elementor-clearfix\" data-tab=\"3\" role=\"region\" aria-labelledby=\"elementor-tab-title-1863\"><p>La CEDEC a mis en place des pratiques afin de prot\u00e9ger les renseignements personnels contre la perte ou le vol. Ceci comprend un acc\u00e8s non autoris\u00e9, la communication de renseignements, l\u2019utilisation ou la modification de tels renseignements. Particuli\u00e8rement, la CEDEC\u00a0:<\/p><ul><li>S\u00e9curise l\u2019acc\u00e8s aux endroits o\u00f9 les renseignements sont gard\u00e9s sur papier et en restreint l\u2019acc\u00e8s<\/li><li>Utilise des mots de passe, du cryptage et autres mesures de s\u00e9curit\u00e9 lorsque les renseignements sont gard\u00e9s sur support \u00e9lectronique<\/li><li>R\u00e9vise r\u00e9guli\u00e8rement ses propres pratiques de protection de donn\u00e9es et celles des fournisseurs qui fournissent des applications de gestion des renseignements \u00e0 la CEDEC.<\/li><li>Met en \u0153uvre des pratiques d\u2019\u00e9limination de donn\u00e9es responsables qui prot\u00e8gent contre l\u2019extraction non autoris\u00e9e des renseignements personnels<\/li><li>Forme son personnel sur les mesures et les pratiques de protection des renseignements personnels<\/li><li>Obtiendra votre permission explicite et directe pour prendre des photographies de vous ou en faisant un enregistrement audio ou vid\u00e9o de vous<\/li><\/ul><\/div>\n\t\t\t\t<\/div>\n\t\t\t\t\t\t\t<div class=\"elementor-accordion-item\">\n\t\t\t\t\t<div id=\"elementor-tab-title-1864\" class=\"elementor-tab-title\" data-tab=\"4\" role=\"button\" aria-controls=\"elementor-tab-content-1864\" aria-expanded=\"false\">\n\t\t\t\t\t\t\t\t\t\t\t\t\t<span class=\"elementor-accordion-icon elementor-accordion-icon-left\" aria-hidden=\"true\">\n\t\t\t\t\t\t\t\t\t\t\t\t\t\t\t<span class=\"elementor-accordion-icon-closed\"><i class=\"fas fa-plus\"><\/i><\/span>\n\t\t\t\t\t\t\t\t<span class=\"elementor-accordion-icon-opened\"><i class=\"fas fa-minus\"><\/i><\/span>\n\t\t\t\t\t\t\t\t\t\t\t\t\t\t<\/span>\n\t\t\t\t\t\t\t\t\t\t\t\t<a class=\"elementor-accordion-title\" tabindex=\"0\">L\u2019utilisation de t\u00e9moins<\/a>\n\t\t\t\t\t<\/div>\n\t\t\t\t\t<div id=\"elementor-tab-content-1864\" class=\"elementor-tab-content elementor-clearfix\" data-tab=\"4\" role=\"region\" aria-labelledby=\"elementor-tab-title-1864\"><p>La CEDEC utilise des t\u00e9moins sur son site Web pour recueillir des renseignements non personnels sur les visiteurs de notre site Web. L\u2019utilisation des t\u00e9moins am\u00e9liore non seulement l\u2019exp\u00e9rience du visiteur, mais elle nous aidera aussi \u00e0 mesurer le trafic sur notre site Web.<\/p><\/div>\n\t\t\t\t<\/div>\n\t\t\t\t\t\t\t<div class=\"elementor-accordion-item\">\n\t\t\t\t\t<div id=\"elementor-tab-title-1865\" class=\"elementor-tab-title\" data-tab=\"5\" role=\"button\" aria-controls=\"elementor-tab-content-1865\" aria-expanded=\"false\">\n\t\t\t\t\t\t\t\t\t\t\t\t\t<span class=\"elementor-accordion-icon elementor-accordion-icon-left\" aria-hidden=\"true\">\n\t\t\t\t\t\t\t\t\t\t\t\t\t\t\t<span class=\"elementor-accordion-icon-closed\"><i class=\"fas fa-plus\"><\/i><\/span>\n\t\t\t\t\t\t\t\t<span class=\"elementor-accordion-icon-opened\"><i class=\"fas fa-minus\"><\/i><\/span>\n\t\t\t\t\t\t\t\t\t\t\t\t\t\t<\/span>\n\t\t\t\t\t\t\t\t\t\t\t\t<a class=\"elementor-accordion-title\" tabindex=\"0\">Le traitement des bris et des incidents relatifs \u00e0 la s\u00e9curit\u00e9<\/a>\n\t\t\t\t\t<\/div>\n\t\t\t\t\t<div id=\"elementor-tab-content-1865\" class=\"elementor-tab-content elementor-clearfix\" data-tab=\"5\" role=\"region\" aria-labelledby=\"elementor-tab-title-1865\"><p>Alors que la CEDEC a mis en place des moyens solides de prot\u00e9ger les renseignements personnels, il demeure un risque que survienne un bris ou un incident relatif \u00e0 la s\u00e9curit\u00e9. La CEDEC poss\u00e8de un protocole pour traiter de mani\u00e8re constructive tout bris ou incident impliquant des renseignements personnels. Dans le cas o\u00f9 les renseignements personnels d\u00e9tenus par la CEDEC sont compromis, nous\u00a0:<\/p><ul><li>Consignerons l\u2019incident<\/li><li>Prendrons des mesures correctrices imm\u00e9diates afin de r\u00e9gler les probl\u00e8mes de s\u00e9curit\u00e9 qui ont caus\u00e9 l\u2019incident<\/li><li>\u00c9valuerons les risques de pr\u00e9judice aux personnes affect\u00e9es par un incident<\/li><li>Informerons la Commission d\u2019acc\u00e8s \u00e0 l\u2019information s\u2019il y a de s\u00e9rieux risques de pr\u00e9judice pour les individus affect\u00e9s associ\u00e9s \u00e0 l\u2019incident<\/li><li>Informerons tous les individus affect\u00e9s par un incident et les aiderons \u00e0 att\u00e9nuer le pr\u00e9judice ou le risque de pr\u00e9judice<\/li><li>R\u00e9viserons les mesures con\u00e7ues pour prot\u00e9ger les renseignements personnels et nous les am\u00e9liorerons<\/li><\/ul><\/div>\n\t\t\t\t<\/div>\n\t\t\t\t\t\t\t\t<\/div>\n\t\t\t\t\t\t<\/div>\n\t\t\t\t<\/div>\n\t\t\t\t<div class=\"elementor-element elementor-element-cc5412b elementor-widget elementor-widget-heading\" data-id=\"cc5412b\" data-element_type=\"widget\" data-e-type=\"widget\" data-widget_type=\"heading.default\">\n\t\t\t\t<div class=\"elementor-widget-container\">\n\t\t\t\t\t<h2 class=\"elementor-heading-title elementor-size-default\">Contactez notre agent du service de la protection de la vie priv\u00e9e<\/h2>\t\t\t\t<\/div>\n\t\t\t\t<\/div>\n\t\t\t\t<div class=\"elementor-element elementor-element-b33d0a3 elementor-widget elementor-widget-text-editor\" data-id=\"b33d0a3\" data-element_type=\"widget\" data-e-type=\"widget\" data-widget_type=\"text-editor.default\">\n\t\t\t\t<div class=\"elementor-widget-container\">\n\t\t\t\t\t\t\t\t\t<p>Vous \u00eates invit\u00e9 \u00e0 communiquer avec l\u2019agent du service de la protection de la vie priv\u00e9e de la CEDEC si vous avez des questions sur notre politique de confidentialit\u00e9 et nos pratiques. Notre agent du service de la protection de la vie priv\u00e9e peut aussi vous aider si vous voulez\u00a0:<\/p><ul><li>Conna\u00eetre les renseignements que nous d\u00e9tenons sur vous<\/li><li>Une copie de vos renseignements personnels que nous d\u00e9tenons<\/li><li>D\u00e9poser une plainte sur notre traitement de vos renseignements personnels<\/li><li>Que nous supprimions vos renseignements personnels de nos registres<\/li><\/ul><p>Veuillez prendre note que nous ne pouvons divulguer des renseignements personnels sans preuve d\u2019identit\u00e9.<\/p>\t\t\t\t\t\t\t\t<\/div>\n\t\t\t\t<\/div>\n\t\t\t\t<section class=\"elementor-section elementor-inner-section elementor-element elementor-element-2bf77f1 elementor-section-boxed elementor-section-height-default elementor-section-height-default\" data-id=\"2bf77f1\" data-element_type=\"section\" data-e-type=\"section\">\n\t\t\t\t\t\t<div class=\"elementor-container elementor-column-gap-default\">\n\t\t\t\t\t<div class=\"elementor-column elementor-col-100 elementor-inner-column elementor-element elementor-element-4e4c612\" data-id=\"4e4c612\" data-element_type=\"column\" data-e-type=\"column\" data-settings=\"{&quot;background_background&quot;:&quot;classic&quot;}\">\n\t\t\t<div class=\"elementor-widget-wrap elementor-element-populated\">\n\t\t\t\t\t\t<div class=\"elementor-element elementor-element-cfff818 elementor-widget elementor-widget-heading\" data-id=\"cfff818\" data-element_type=\"widget\" data-e-type=\"widget\" data-widget_type=\"heading.default\">\n\t\t\t\t<div class=\"elementor-widget-container\">\n\t\t\t\t\t<h2 class=\"elementor-heading-title elementor-size-default\">Eduard Kloss<\/h2>\t\t\t\t<\/div>\n\t\t\t\t<\/div>\n\t\t\t\t<div class=\"elementor-element elementor-element-cec2ae8 elementor-widget elementor-widget-heading\" data-id=\"cec2ae8\" data-element_type=\"widget\" data-e-type=\"widget\" data-widget_type=\"heading.default\">\n\t\t\t\t<div class=\"elementor-widget-container\">\n\t\t\t\t\t<h2 class=\"elementor-heading-title elementor-size-default\">Agent des technologies de l'information et du service de la protection de la vie priv\u00e9e<\/h2>\t\t\t\t<\/div>\n\t\t\t\t<\/div>\n\t\t\t\t<div class=\"elementor-element elementor-element-af939e3 elementor-widget elementor-widget-heading\" data-id=\"af939e3\" data-element_type=\"widget\" data-e-type=\"widget\" data-widget_type=\"heading.default\">\n\t\t\t\t<div class=\"elementor-widget-container\">\n\t\t\t\t\t<h2 class=\"elementor-heading-title elementor-size-default\">1493 route 138<br>\nC.P. 90013<br>\nHuntingdon (Qu\u00e9bec)<br>\nJ0S 1H0<br>\n888-641-9912 poste 2116<\/h2>\t\t\t\t<\/div>\n\t\t\t\t<\/div>\n\t\t\t\t<div class=\"elementor-element elementor-element-5ca5f8a elementor-button-align-center elementor-widget elementor-widget-form\" data-id=\"5ca5f8a\" data-element_type=\"widget\" data-e-type=\"widget\" data-settings=\"{&quot;step_next_label&quot;:&quot;Next&quot;,&quot;step_previous_label&quot;:&quot;Previous&quot;,&quot;button_width&quot;:&quot;100&quot;,&quot;step_type&quot;:&quot;number_text&quot;,&quot;step_icon_shape&quot;:&quot;circle&quot;}\" data-widget_type=\"form.default\">\n\t\t\t\t<div class=\"elementor-widget-container\">\n\t\t\t\t\t\t\t<form class=\"elementor-form\" method=\"post\" name=\"Privacy Policy FR\" aria-label=\"Privacy Policy FR\">\n\t\t\t<input type=\"hidden\" name=\"post_id\" value=\"2667\"\/>\n\t\t\t<input type=\"hidden\" name=\"form_id\" value=\"5ca5f8a\"\/>\n\t\t\t<input type=\"hidden\" name=\"referer_title\" value=\"CEDEC\" \/>\n\n\t\t\t\n\t\t\t<div class=\"elementor-form-fields-wrapper elementor-labels-\">\n\t\t\t\t\t\t\t\t<div class=\"elementor-field-type-text elementor-field-group elementor-column elementor-field-group-name elementor-col-100\">\n\t\t\t\t\t\t\t\t\t\t\t\t<label for=\"form-field-name\" class=\"elementor-field-label elementor-screen-only\">\n\t\t\t\t\t\t\t\tNom\t\t\t\t\t\t\t<\/label>\n\t\t\t\t\t\t\t\t\t\t\t\t\t\t<input size=\"1\" type=\"text\" name=\"form_fields[name]\" id=\"form-field-name\" class=\"elementor-field elementor-size-sm  elementor-field-textual\" placeholder=\"Nom\">\n\t\t\t\t\t\t\t\t\t\t\t<\/div>\n\t\t\t\t\t\t\t\t<div class=\"elementor-field-type-email elementor-field-group elementor-column elementor-field-group-email elementor-col-100 elementor-field-required\">\n\t\t\t\t\t\t\t\t\t\t\t\t<label for=\"form-field-email\" class=\"elementor-field-label elementor-screen-only\">\n\t\t\t\t\t\t\t\tCourriel\t\t\t\t\t\t\t<\/label>\n\t\t\t\t\t\t\t\t\t\t\t\t\t\t<input size=\"1\" type=\"email\" name=\"form_fields[email]\" id=\"form-field-email\" class=\"elementor-field elementor-size-sm  elementor-field-textual\" placeholder=\"Courriel\" required=\"required\">\n\t\t\t\t\t\t\t\t\t\t\t<\/div>\n\t\t\t\t\t\t\t\t<div class=\"elementor-field-type-textarea elementor-field-group elementor-column elementor-field-group-message elementor-col-100\">\n\t\t\t\t\t\t\t\t\t\t\t\t<label for=\"form-field-message\" class=\"elementor-field-label elementor-screen-only\">\n\t\t\t\t\t\t\t\tMessage\t\t\t\t\t\t\t<\/label>\n\t\t\t\t\t\t<textarea class=\"elementor-field-textual elementor-field  elementor-size-sm\" name=\"form_fields[message]\" id=\"form-field-message\" rows=\"4\" placeholder=\"Message\"><\/textarea>\t\t\t\t<\/div>\n\t\t\t\t\t\t\t\t<div class=\"elementor-field-group elementor-column elementor-field-type-submit elementor-col-100 e-form__buttons\">\n\t\t\t\t\t<button class=\"elementor-button elementor-size-sm\" type=\"submit\">\n\t\t\t\t\t\t<span class=\"elementor-button-content-wrapper\">\n\t\t\t\t\t\t\t\t\t\t\t\t\t\t\t\t\t\t\t\t\t\t<span class=\"elementor-button-text\">Envoyez<\/span>\n\t\t\t\t\t\t\t\t\t\t\t\t\t<\/span>\n\t\t\t\t\t<\/button>\n\t\t\t\t<\/div>\n\t\t\t<\/div>\n\t\t<\/form>\n\t\t\t\t\t\t<\/div>\n\t\t\t\t<\/div>\n\t\t\t\t\t<\/div>\n\t\t<\/div>\n\t\t\t\t\t<\/div>\n\t\t<\/section>\n\t\t\t\t\t<\/div>\n\t\t<\/div>\n\t\t\t\t\t<\/div>\n\t\t<\/section>\n\t\t\t\t<\/div>\n\t\t","protected":false},"excerpt":{"rendered":"<p>Politique de la CEDEC sur la protection de la vie priv\u00e9e et les renseignements personnels Conform\u00e9ment \u00e0 la Loi sur la protection des renseignements personnels dans le secteur priv\u00e9 du gouvernement du Qu\u00e9bec. La CEDEC s\u2019engage \u00e0 la cueillette, l\u2019utilisation et l\u2019\u00e9limination des renseignements personnels de mani\u00e8re transparente et responsable. La loi qu\u00e9b\u00e9coise d\u00e9finit les [&hellip;]<\/p>\n","protected":false},"author":2,"featured_media":0,"parent":0,"menu_order":0,"comment_status":"closed","ping_status":"closed","template":"","meta":{"_acf_changed":false,"footnotes":""},"class_list":["post-2667","page","type-page","status-publish","hentry","entry"],"acf":[],"yoast_head":"<!-- This site is optimized with the Yoast SEO plugin v27.3 - https:\/\/yoast.com\/product\/yoast-seo-wordpress\/ -->\n<title>Confidentialit\u00e9 - CEDEC<\/title>\n<meta name=\"robots\" content=\"index, follow, max-snippet:-1, max-image-preview:large, max-video-preview:-1\" \/>\n<link rel=\"canonical\" href=\"https:\/\/cedec.ca\/fr\/confidentialite\/\" \/>\n<meta property=\"og:locale\" content=\"fr_FR\" \/>\n<meta property=\"og:type\" content=\"article\" \/>\n<meta property=\"og:title\" content=\"Confidentialit\u00e9 - CEDEC\" \/>\n<meta property=\"og:description\" content=\"Politique de la CEDEC sur la protection de la vie priv\u00e9e et les renseignements personnels Conform\u00e9ment \u00e0 la Loi sur la protection des renseignements personnels dans le secteur priv\u00e9 du gouvernement du Qu\u00e9bec. La CEDEC s\u2019engage \u00e0 la cueillette, l\u2019utilisation et l\u2019\u00e9limination des renseignements personnels de mani\u00e8re transparente et responsable. La loi qu\u00e9b\u00e9coise d\u00e9finit les [&hellip;]\" \/>\n<meta property=\"og:url\" content=\"https:\/\/cedec.ca\/fr\/confidentialite\/\" \/>\n<meta property=\"og:site_name\" content=\"CEDEC\" \/>\n<meta property=\"article:modified_time\" content=\"2024-11-29T22:29:08+00:00\" \/>\n<meta name=\"twitter:card\" content=\"summary_large_image\" \/>\n<meta name=\"twitter:label1\" content=\"Dur\u00e9e de lecture estim\u00e9e\" \/>\n\t<meta name=\"twitter:data1\" content=\"5 minutes\" \/>\n<script type=\"application\/ld+json\" class=\"yoast-schema-graph\">{\"@context\":\"https:\\\/\\\/schema.org\",\"@graph\":[{\"@type\":\"WebPage\",\"@id\":\"https:\\\/\\\/cedec.ca\\\/fr\\\/confidentialite\\\/\",\"url\":\"https:\\\/\\\/cedec.ca\\\/fr\\\/confidentialite\\\/\",\"name\":\"Confidentialit\u00e9 - CEDEC\",\"isPartOf\":{\"@id\":\"https:\\\/\\\/cedec.ca\\\/fr\\\/#website\"},\"datePublished\":\"2022-09-21T16:39:28+00:00\",\"dateModified\":\"2024-11-29T22:29:08+00:00\",\"breadcrumb\":{\"@id\":\"https:\\\/\\\/cedec.ca\\\/fr\\\/confidentialite\\\/#breadcrumb\"},\"inLanguage\":\"fr-FR\",\"potentialAction\":[{\"@type\":\"ReadAction\",\"target\":[\"https:\\\/\\\/cedec.ca\\\/fr\\\/confidentialite\\\/\"]}]},{\"@type\":\"BreadcrumbList\",\"@id\":\"https:\\\/\\\/cedec.ca\\\/fr\\\/confidentialite\\\/#breadcrumb\",\"itemListElement\":[{\"@type\":\"ListItem\",\"position\":1,\"name\":\"Home\",\"item\":\"https:\\\/\\\/cedec.ca\\\/fr\\\/\"},{\"@type\":\"ListItem\",\"position\":2,\"name\":\"Confidentialit\u00e9\"}]},{\"@type\":\"WebSite\",\"@id\":\"https:\\\/\\\/cedec.ca\\\/fr\\\/#website\",\"url\":\"https:\\\/\\\/cedec.ca\\\/fr\\\/\",\"name\":\"CEDEC\",\"description\":\"\",\"potentialAction\":[{\"@type\":\"SearchAction\",\"target\":{\"@type\":\"EntryPoint\",\"urlTemplate\":\"https:\\\/\\\/cedec.ca\\\/fr\\\/?s={search_term_string}\"},\"query-input\":{\"@type\":\"PropertyValueSpecification\",\"valueRequired\":true,\"valueName\":\"search_term_string\"}}],\"inLanguage\":\"fr-FR\"}]}<\/script>\n<!-- \/ Yoast SEO plugin. -->","yoast_head_json":{"title":"Confidentialit\u00e9 - CEDEC","robots":{"index":"index","follow":"follow","max-snippet":"max-snippet:-1","max-image-preview":"max-image-preview:large","max-video-preview":"max-video-preview:-1"},"canonical":"https:\/\/cedec.ca\/fr\/confidentialite\/","og_locale":"fr_FR","og_type":"article","og_title":"Confidentialit\u00e9 - CEDEC","og_description":"Politique de la CEDEC sur la protection de la vie priv\u00e9e et les renseignements personnels Conform\u00e9ment \u00e0 la Loi sur la protection des renseignements personnels dans le secteur priv\u00e9 du gouvernement du Qu\u00e9bec. La CEDEC s\u2019engage \u00e0 la cueillette, l\u2019utilisation et l\u2019\u00e9limination des renseignements personnels de mani\u00e8re transparente et responsable. La loi qu\u00e9b\u00e9coise d\u00e9finit les [&hellip;]","og_url":"https:\/\/cedec.ca\/fr\/confidentialite\/","og_site_name":"CEDEC","article_modified_time":"2024-11-29T22:29:08+00:00","twitter_card":"summary_large_image","twitter_misc":{"Dur\u00e9e de lecture estim\u00e9e":"5 minutes"},"schema":{"@context":"https:\/\/schema.org","@graph":[{"@type":"WebPage","@id":"https:\/\/cedec.ca\/fr\/confidentialite\/","url":"https:\/\/cedec.ca\/fr\/confidentialite\/","name":"Confidentialit\u00e9 - CEDEC","isPartOf":{"@id":"https:\/\/cedec.ca\/fr\/#website"},"datePublished":"2022-09-21T16:39:28+00:00","dateModified":"2024-11-29T22:29:08+00:00","breadcrumb":{"@id":"https:\/\/cedec.ca\/fr\/confidentialite\/#breadcrumb"},"inLanguage":"fr-FR","potentialAction":[{"@type":"ReadAction","target":["https:\/\/cedec.ca\/fr\/confidentialite\/"]}]},{"@type":"BreadcrumbList","@id":"https:\/\/cedec.ca\/fr\/confidentialite\/#breadcrumb","itemListElement":[{"@type":"ListItem","position":1,"name":"Home","item":"https:\/\/cedec.ca\/fr\/"},{"@type":"ListItem","position":2,"name":"Confidentialit\u00e9"}]},{"@type":"WebSite","@id":"https:\/\/cedec.ca\/fr\/#website","url":"https:\/\/cedec.ca\/fr\/","name":"CEDEC","description":"","potentialAction":[{"@type":"SearchAction","target":{"@type":"EntryPoint","urlTemplate":"https:\/\/cedec.ca\/fr\/?s={search_term_string}"},"query-input":{"@type":"PropertyValueSpecification","valueRequired":true,"valueName":"search_term_string"}}],"inLanguage":"fr-FR"}]}},"_links":{"self":[{"href":"https:\/\/cedec.ca\/fr\/wp-json\/wp\/v2\/pages\/2667","targetHints":{"allow":["GET"]}}],"collection":[{"href":"https:\/\/cedec.ca\/fr\/wp-json\/wp\/v2\/pages"}],"about":[{"href":"https:\/\/cedec.ca\/fr\/wp-json\/wp\/v2\/types\/page"}],"author":[{"embeddable":true,"href":"https:\/\/cedec.ca\/fr\/wp-json\/wp\/v2\/users\/2"}],"replies":[{"embeddable":true,"href":"https:\/\/cedec.ca\/fr\/wp-json\/wp\/v2\/comments?post=2667"}],"version-history":[{"count":0,"href":"https:\/\/cedec.ca\/fr\/wp-json\/wp\/v2\/pages\/2667\/revisions"}],"wp:attachment":[{"href":"https:\/\/cedec.ca\/fr\/wp-json\/wp\/v2\/media?parent=2667"}],"curies":[{"name":"wp","href":"https:\/\/api.w.org\/{rel}","templated":true}]}}