{"id":534,"date":"2021-02-08T15:05:32","date_gmt":"2021-02-08T15:05:32","guid":{"rendered":"https:\/\/cedecnew.wpengine.com\/?page_id=534"},"modified":"2022-10-28T19:27:13","modified_gmt":"2022-10-28T19:27:13","slug":"contactez-nous","status":"publish","type":"page","link":"https:\/\/cedec.ca\/fr\/contactez-nous\/","title":{"rendered":"Contactez-nous"},"content":{"rendered":"\t\t<div data-elementor-type=\"wp-page\" data-elementor-id=\"534\" class=\"elementor elementor-534 elementor-8\" data-elementor-post-type=\"page\">\n\t\t\t\t\t\t<section class=\"elementor-section elementor-top-section elementor-element elementor-element-59f5612 elementor-section-boxed elementor-section-height-default elementor-section-height-default\" data-id=\"59f5612\" data-element_type=\"section\" data-e-type=\"section\">\n\t\t\t\t\t\t<div class=\"elementor-container elementor-column-gap-wide\">\n\t\t\t\t\t<div class=\"elementor-column elementor-col-50 elementor-top-column elementor-element elementor-element-a234f9f\" data-id=\"a234f9f\" data-element_type=\"column\" data-e-type=\"column\">\n\t\t\t<div class=\"elementor-widget-wrap elementor-element-populated\">\n\t\t\t\t\t\t<div class=\"elementor-element elementor-element-bdb65ce elementor-widget elementor-widget-heading\" data-id=\"bdb65ce\" data-element_type=\"widget\" data-e-type=\"widget\" data-widget_type=\"heading.default\">\n\t\t\t\t<div class=\"elementor-widget-container\">\n\t\t\t\t\t<h1 class=\"elementor-heading-title elementor-size-default\">Comment pouvons-nous vous aider ?<\/h1>\t\t\t\t<\/div>\n\t\t\t\t<\/div>\n\t\t\t\t<div class=\"elementor-element elementor-element-9a43aad elementor-widget elementor-widget-text-editor\" data-id=\"9a43aad\" data-element_type=\"widget\" data-e-type=\"widget\" data-widget_type=\"text-editor.default\">\n\t\t\t\t<div class=\"elementor-widget-container\">\n\t\t\t\t\t\t\t\t\t<p>La CEDEC aide les communaut\u00e9s \u00e0 tirer pleinement parti de leur potentiel cr\u00e9atif et novateur gr\u00e2ce \u00e0 des relations de collaboration entre les secteurs public et priv\u00e9 et la soci\u00e9t\u00e9 civile.<\/p><p>Si vous avez une id\u00e9e, une question, ou si vous voulez en savoir plus sur notre travail, veuillez remplir le formulaire de communication et nous vous contacterons tr\u00e8s bient\u00f4t.\u00a0<\/p>\t\t\t\t\t\t\t\t<\/div>\n\t\t\t\t<\/div>\n\t\t\t\t\t<\/div>\n\t\t<\/div>\n\t\t\t\t<div class=\"elementor-column elementor-col-50 elementor-top-column elementor-element elementor-element-a07fdf0\" data-id=\"a07fdf0\" data-element_type=\"column\" data-e-type=\"column\">\n\t\t\t<div class=\"elementor-widget-wrap elementor-element-populated\">\n\t\t\t\t\t\t<div class=\"elementor-element elementor-element-13788b0 form-contact elementor-widget elementor-widget-html\" data-id=\"13788b0\" data-element_type=\"widget\" data-e-type=\"widget\" data-widget_type=\"html.default\">\n\t\t\t\t<div class=\"elementor-widget-container\">\n\t\t\t\t\t<script id='formScript4426927000002567041' src='https:\/\/crm.zoho.com\/crm\/WebFormServeServlet?rid=af922bf139421a445dcdbdc3464099b04ff438d5732c25b4c0235b112e2861a2gid051214385c58d6907c0d5557ed20831b6b5d2ff36a0af5ddaa8a081d70f969fd&script=$sYG'><\/script>\t\t\t\t<\/div>\n\t\t\t\t<\/div>\n\t\t\t\t<div class=\"elementor-element elementor-element-d1c6b73 elementor-widget elementor-widget-spacer\" data-id=\"d1c6b73\" data-element_type=\"widget\" data-e-type=\"widget\" data-widget_type=\"spacer.default\">\n\t\t\t\t<div class=\"elementor-widget-container\">\n\t\t\t\t\t\t\t<div class=\"elementor-spacer\">\n\t\t\t<div class=\"elementor-spacer-inner\"><\/div>\n\t\t<\/div>\n\t\t\t\t\t\t<\/div>\n\t\t\t\t<\/div>\n\t\t\t\t\t<\/div>\n\t\t<\/div>\n\t\t\t\t\t<\/div>\n\t\t<\/section>\n\t\t\t\t<section class=\"elementor-section elementor-top-section elementor-element elementor-element-9d9eaf0 elementor-hidden-desktop elementor-hidden-tablet elementor-hidden-mobile elementor-section-boxed elementor-section-height-default elementor-section-height-default\" data-id=\"9d9eaf0\" data-element_type=\"section\" data-e-type=\"section\" data-settings=\"{&quot;background_background&quot;:&quot;classic&quot;}\">\n\t\t\t\t\t\t<div class=\"elementor-container elementor-column-gap-wide\">\n\t\t\t\t\t<div class=\"elementor-column elementor-col-100 elementor-top-column elementor-element elementor-element-9899176\" data-id=\"9899176\" data-element_type=\"column\" data-e-type=\"column\">\n\t\t\t<div class=\"elementor-widget-wrap elementor-element-populated\">\n\t\t\t\t\t\t<div class=\"elementor-element elementor-element-b047703 elementor-widget elementor-widget-heading\" data-id=\"b047703\" data-element_type=\"widget\" data-e-type=\"widget\" data-widget_type=\"heading.default\">\n\t\t\t\t<div class=\"elementor-widget-container\">\n\t\t\t\t\t<h2 class=\"elementor-heading-title elementor-size-default\">Nos bureaux<\/h2>\t\t\t\t<\/div>\n\t\t\t\t<\/div>\n\t\t\t\t<section class=\"elementor-section elementor-inner-section elementor-element elementor-element-d823cbc elementor-section-boxed elementor-section-height-default elementor-section-height-default\" data-id=\"d823cbc\" data-element_type=\"section\" data-e-type=\"section\">\n\t\t\t\t\t\t<div class=\"elementor-container elementor-column-gap-default\">\n\t\t\t\t\t<div class=\"elementor-column elementor-col-33 elementor-inner-column elementor-element elementor-element-ce16135\" data-id=\"ce16135\" data-element_type=\"column\" data-e-type=\"column\">\n\t\t\t<div class=\"elementor-widget-wrap elementor-element-populated\">\n\t\t\t\t\t\t<div class=\"elementor-element elementor-element-b1270d6 elementor-widget elementor-widget-text-editor\" data-id=\"b1270d6\" data-element_type=\"widget\" data-e-type=\"widget\" data-widget_type=\"text-editor.default\">\n\t\t\t\t<div class=\"elementor-widget-container\">\n\t\t\t\t\t\t\t\t\t<p class=\"p1\">205 \u2013 15, rue Gamble Est<br \/>Rouyn-Noranda (Qu\u00e9bec)<br \/>J9X 3B6<br \/><a href=\"tel:8197976759\">819-797-6759<\/a><\/p>\t\t\t\t\t\t\t\t<\/div>\n\t\t\t\t<\/div>\n\t\t\t\t\t<\/div>\n\t\t<\/div>\n\t\t\t\t<div class=\"elementor-column elementor-col-33 elementor-inner-column elementor-element elementor-element-069cdce\" data-id=\"069cdce\" data-element_type=\"column\" data-e-type=\"column\">\n\t\t\t<div class=\"elementor-widget-wrap elementor-element-populated\">\n\t\t\t\t\t\t<div class=\"elementor-element elementor-element-ceb1046 elementor-widget elementor-widget-text-editor\" data-id=\"ceb1046\" data-element_type=\"widget\" data-e-type=\"widget\" data-widget_type=\"text-editor.default\">\n\t\t\t\t<div class=\"elementor-widget-container\">\n\t\t\t\t\t\t\t\t\t<p class=\"p1\">107 \u2013 5104, boul. Bourque<br \/>Sherbrooke (Qu\u00e9bec)<br \/>J1N 2K7<br \/><a href=\"tel:8195667228\">819-566-7228<\/a><\/p>\t\t\t\t\t\t\t\t<\/div>\n\t\t\t\t<\/div>\n\t\t\t\t\t<\/div>\n\t\t<\/div>\n\t\t\t\t<div class=\"elementor-column elementor-col-33 elementor-inner-column elementor-element elementor-element-2d5a09e\" data-id=\"2d5a09e\" data-element_type=\"column\" data-e-type=\"column\">\n\t\t\t<div class=\"elementor-widget-wrap elementor-element-populated\">\n\t\t\t\t\t\t<div class=\"elementor-element elementor-element-044838d elementor-widget elementor-widget-text-editor\" data-id=\"044838d\" data-element_type=\"widget\" data-e-type=\"widget\" data-widget_type=\"text-editor.default\">\n\t\t\t\t<div class=\"elementor-widget-container\">\n\t\t\t\t\t\t\t\t\t<p class=\"p1\">104C, boul. G\u00e9rard-D.-Levesque<br>\nC.P. 505<br>New Carlisle (Qu\u00e9bec)<br>G0C 1Z0<br>\n<a href=\"tel:4187523284\">418-752-3284<\/a><\/p>\t\t\t\t\t\t\t\t<\/div>\n\t\t\t\t<\/div>\n\t\t\t\t\t<\/div>\n\t\t<\/div>\n\t\t\t\t\t<\/div>\n\t\t<\/section>\n\t\t\t\t<section class=\"elementor-section elementor-inner-section elementor-element elementor-element-9c877bd elementor-section-boxed elementor-section-height-default elementor-section-height-default\" data-id=\"9c877bd\" data-element_type=\"section\" data-e-type=\"section\">\n\t\t\t\t\t\t<div class=\"elementor-container elementor-column-gap-default\">\n\t\t\t\t\t<div class=\"elementor-column elementor-col-33 elementor-inner-column elementor-element elementor-element-3668c36\" data-id=\"3668c36\" data-element_type=\"column\" data-e-type=\"column\">\n\t\t\t<div class=\"elementor-widget-wrap elementor-element-populated\">\n\t\t\t\t\t\t<div class=\"elementor-element elementor-element-f473b82 elementor-widget elementor-widget-text-editor\" data-id=\"f473b82\" data-element_type=\"widget\" data-e-type=\"widget\" data-widget_type=\"text-editor.default\">\n\t\t\t\t<div class=\"elementor-widget-container\">\n\t\t\t\t\t\t\t\t\t<p class=\"p1\">1001, rue Lenoir<br \/>Suite B-331<br \/>Montr\u00e9al (Qu\u00e9bec)<br \/>H4C 2Z6<br \/><a style=\"font-size: 16px;\" href=\"tel:5149033753\">514-903-3753<\/a><\/p>\t\t\t\t\t\t\t\t<\/div>\n\t\t\t\t<\/div>\n\t\t\t\t\t<\/div>\n\t\t<\/div>\n\t\t\t\t<div class=\"elementor-column elementor-col-33 elementor-inner-column elementor-element elementor-element-11be791\" data-id=\"11be791\" data-element_type=\"column\" data-e-type=\"column\">\n\t\t\t<div class=\"elementor-widget-wrap elementor-element-populated\">\n\t\t\t\t\t\t<div class=\"elementor-element elementor-element-b06233a elementor-widget elementor-widget-text-editor\" data-id=\"b06233a\" data-element_type=\"widget\" data-e-type=\"widget\" data-widget_type=\"text-editor.default\">\n\t\t\t\t<div class=\"elementor-widget-container\">\n\t\t\t\t\t\t\t\t\t<p class=\"p1\">1161, boul. Docteur-Camille-Marcoux<br \/>C.P. 403<br \/>Lourdes-de-Blanc-Sablon (Qu\u00e9bec)<br \/>G0G 1W0<a href=\"tel:4184613450\"><br \/>418-461-3450<\/a><\/p>\t\t\t\t\t\t\t\t<\/div>\n\t\t\t\t<\/div>\n\t\t\t\t\t<\/div>\n\t\t<\/div>\n\t\t\t\t<div class=\"elementor-column elementor-col-33 elementor-inner-column elementor-element elementor-element-f7a7ed6\" data-id=\"f7a7ed6\" data-element_type=\"column\" data-e-type=\"column\">\n\t\t\t<div class=\"elementor-widget-wrap elementor-element-populated\">\n\t\t\t\t\t\t<div class=\"elementor-element elementor-element-11d13e0 elementor-widget elementor-widget-text-editor\" data-id=\"11d13e0\" data-element_type=\"widget\" data-e-type=\"widget\" data-widget_type=\"text-editor.default\">\n\t\t\t\t<div class=\"elementor-widget-container\">\n\t\t\t\t\t\t\t\t\t<p class=\"p1\">4 \u2013 006, chemin Jerry<br \/>Grosse-\u00cele (Qu\u00e9bec)<br \/>G4T 6B9<br \/><a href=\"tel:4189852940\">418-985-2940<\/a><\/p>\t\t\t\t\t\t\t\t<\/div>\n\t\t\t\t<\/div>\n\t\t\t\t\t<\/div>\n\t\t<\/div>\n\t\t\t\t\t<\/div>\n\t\t<\/section>\n\t\t\t\t<section class=\"elementor-section elementor-inner-section elementor-element elementor-element-7496d49 elementor-section-boxed elementor-section-height-default elementor-section-height-default\" data-id=\"7496d49\" data-element_type=\"section\" data-e-type=\"section\">\n\t\t\t\t\t\t<div class=\"elementor-container elementor-column-gap-default\">\n\t\t\t\t\t<div class=\"elementor-column elementor-col-33 elementor-inner-column elementor-element elementor-element-8e58d25\" data-id=\"8e58d25\" data-element_type=\"column\" data-e-type=\"column\">\n\t\t\t<div class=\"elementor-widget-wrap elementor-element-populated\">\n\t\t\t\t\t\t<div class=\"elementor-element elementor-element-951341b elementor-widget elementor-widget-text-editor\" data-id=\"951341b\" data-element_type=\"widget\" data-e-type=\"widget\" data-widget_type=\"text-editor.default\">\n\t\t\t\t<div class=\"elementor-widget-container\">\n\t\t\t\t\t\t\t\t\t<p class=\"p1\">115, avenue Victoria C.P. 823<br \/>Shawville (Qu\u00e9bec)<br \/>J0X 2Y0<br \/><a href=\"tel:8196472007\">819-647-2007<\/a><\/p>\t\t\t\t\t\t\t\t<\/div>\n\t\t\t\t<\/div>\n\t\t\t\t\t<\/div>\n\t\t<\/div>\n\t\t\t\t<div class=\"elementor-column elementor-col-33 elementor-inner-column elementor-element elementor-element-fb3015e\" data-id=\"fb3015e\" data-element_type=\"column\" data-e-type=\"column\">\n\t\t\t<div class=\"elementor-widget-wrap elementor-element-populated\">\n\t\t\t\t\t\t<div class=\"elementor-element elementor-element-69c0828 elementor-widget elementor-widget-text-editor\" data-id=\"69c0828\" data-element_type=\"widget\" data-e-type=\"widget\" data-widget_type=\"text-editor.default\">\n\t\t\t\t<div class=\"elementor-widget-container\">\n\t\t\t\t\t\t\t\t\t<p class=\"p1\">155, boulevard Charest Est<br \/>Suite 190, C.P. 26<br \/>Qu\u00e9bec (Qu\u00e9bec)<br \/>G1K 3G6<br \/><a href=\"tel:4186812345\">418-681-2345<\/a><\/p>\t\t\t\t\t\t\t\t<\/div>\n\t\t\t\t<\/div>\n\t\t\t\t\t<\/div>\n\t\t<\/div>\n\t\t\t\t<div class=\"elementor-column elementor-col-33 elementor-inner-column elementor-element elementor-element-fb51c61\" data-id=\"fb51c61\" data-element_type=\"column\" data-e-type=\"column\">\n\t\t\t<div class=\"elementor-widget-wrap elementor-element-populated\">\n\t\t\t\t\t\t<div class=\"elementor-element elementor-element-aba1861 elementor-widget elementor-widget-text-editor\" data-id=\"aba1861\" data-element_type=\"widget\" data-e-type=\"widget\" data-widget_type=\"text-editor.default\">\n\t\t\t\t<div class=\"elementor-widget-container\">\n\t\t\t\t\t\t\t\t\t<p class=\"p1\">1493, route 138<br \/>C.P. 90013<br \/>Huntingdon (Qu\u00e9bec)<br \/>J0S 1H0<br \/><a href=\"tel:8886419912\">888-641-9912<\/a><\/p>\t\t\t\t\t\t\t\t<\/div>\n\t\t\t\t<\/div>\n\t\t\t\t\t<\/div>\n\t\t<\/div>\n\t\t\t\t\t<\/div>\n\t\t<\/section>\n\t\t\t\t\t<\/div>\n\t\t<\/div>\n\t\t\t\t\t<\/div>\n\t\t<\/section>\n\t\t\t\t<section class=\"elementor-section elementor-top-section elementor-element elementor-element-b27b481 elementor-section-boxed elementor-section-height-default elementor-section-height-default\" data-id=\"b27b481\" data-element_type=\"section\" data-e-type=\"section\" data-settings=\"{&quot;background_background&quot;:&quot;classic&quot;}\">\n\t\t\t\t\t\t<div class=\"elementor-container elementor-column-gap-wide\">\n\t\t\t\t\t<div class=\"elementor-column elementor-col-50 elementor-top-column elementor-element elementor-element-edc5e66\" data-id=\"edc5e66\" data-element_type=\"column\" data-e-type=\"column\">\n\t\t\t<div class=\"elementor-widget-wrap elementor-element-populated\">\n\t\t\t\t\t\t<div class=\"elementor-element elementor-element-0db1eca elementor-widget elementor-widget-heading\" data-id=\"0db1eca\" data-element_type=\"widget\" data-e-type=\"widget\" data-widget_type=\"heading.default\">\n\t\t\t\t<div class=\"elementor-widget-container\">\n\t\t\t\t\t<h2 class=\"elementor-heading-title elementor-size-default\">Contactez-nous<\/h2>\t\t\t\t<\/div>\n\t\t\t\t<\/div>\n\t\t\t\t\t<\/div>\n\t\t<\/div>\n\t\t\t\t<div class=\"elementor-column elementor-col-50 elementor-top-column elementor-element elementor-element-6ebc566\" data-id=\"6ebc566\" data-element_type=\"column\" data-e-type=\"column\">\n\t\t\t<div class=\"elementor-widget-wrap elementor-element-populated\">\n\t\t\t\t\t\t<div class=\"elementor-element elementor-element-bf533e7 elementor-widget elementor-widget-heading\" data-id=\"bf533e7\" data-element_type=\"widget\" data-e-type=\"widget\" data-widget_type=\"heading.default\">\n\t\t\t\t<div class=\"elementor-widget-container\">\n\t\t\t\t\t<h2 class=\"elementor-heading-title elementor-size-default\">Num\u00e9ro sans frais:  <a href=\"tel:8886419912\">1-888-641-9912<\/h2>\t\t\t\t<\/div>\n\t\t\t\t<\/div>\n\t\t\t\t\t<\/div>\n\t\t<\/div>\n\t\t\t\t\t<\/div>\n\t\t<\/section>\n\t\t\t\t<\/div>\n\t\t","protected":false},"excerpt":{"rendered":"<p>Comment pouvons-nous vous aider ? La CEDEC aide les communaut\u00e9s \u00e0 tirer pleinement parti de leur potentiel cr\u00e9atif et novateur gr\u00e2ce \u00e0 des relations de collaboration entre les secteurs public et priv\u00e9 et la soci\u00e9t\u00e9 civile. Si vous avez une id\u00e9e, une question, ou si vous voulez en savoir plus sur notre travail, veuillez remplir [&hellip;]<\/p>\n","protected":false},"author":3,"featured_media":0,"parent":0,"menu_order":0,"comment_status":"closed","ping_status":"closed","template":"","meta":{"_acf_changed":false,"footnotes":""},"class_list":["post-534","page","type-page","status-publish","hentry","entry"],"acf":[],"yoast_head":"<!-- This site is optimized with the Yoast SEO plugin v27.3 - https:\/\/yoast.com\/product\/yoast-seo-wordpress\/ -->\n<title>Contactez-nous - CEDEC<\/title>\n<meta name=\"robots\" content=\"index, follow, max-snippet:-1, max-image-preview:large, max-video-preview:-1\" \/>\n<link rel=\"canonical\" href=\"https:\/\/cedec.ca\/fr\/contactez-nous\/\" \/>\n<meta property=\"og:locale\" content=\"fr_FR\" \/>\n<meta property=\"og:type\" content=\"article\" \/>\n<meta property=\"og:title\" content=\"Contactez-nous - CEDEC\" \/>\n<meta property=\"og:description\" content=\"Comment pouvons-nous vous aider ? La CEDEC aide les communaut\u00e9s \u00e0 tirer pleinement parti de leur potentiel cr\u00e9atif et novateur gr\u00e2ce \u00e0 des relations de collaboration entre les secteurs public et priv\u00e9 et la soci\u00e9t\u00e9 civile. Si vous avez une id\u00e9e, une question, ou si vous voulez en savoir plus sur notre travail, veuillez remplir [&hellip;]\" \/>\n<meta property=\"og:url\" content=\"https:\/\/cedec.ca\/fr\/contactez-nous\/\" \/>\n<meta property=\"og:site_name\" content=\"CEDEC\" \/>\n<meta property=\"article:modified_time\" content=\"2022-10-28T19:27:13+00:00\" \/>\n<meta name=\"twitter:card\" content=\"summary_large_image\" \/>\n<meta name=\"twitter:label1\" content=\"Dur\u00e9e de lecture estim\u00e9e\" \/>\n\t<meta name=\"twitter:data1\" content=\"1 minute\" \/>\n<script type=\"application\/ld+json\" class=\"yoast-schema-graph\">{\"@context\":\"https:\\\/\\\/schema.org\",\"@graph\":[{\"@type\":\"WebPage\",\"@id\":\"https:\\\/\\\/cedec.ca\\\/fr\\\/contactez-nous\\\/\",\"url\":\"https:\\\/\\\/cedec.ca\\\/fr\\\/contactez-nous\\\/\",\"name\":\"Contactez-nous - CEDEC\",\"isPartOf\":{\"@id\":\"https:\\\/\\\/cedec.ca\\\/fr\\\/#website\"},\"datePublished\":\"2021-02-08T15:05:32+00:00\",\"dateModified\":\"2022-10-28T19:27:13+00:00\",\"breadcrumb\":{\"@id\":\"https:\\\/\\\/cedec.ca\\\/fr\\\/contactez-nous\\\/#breadcrumb\"},\"inLanguage\":\"fr-FR\",\"potentialAction\":[{\"@type\":\"ReadAction\",\"target\":[\"https:\\\/\\\/cedec.ca\\\/fr\\\/contactez-nous\\\/\"]}]},{\"@type\":\"BreadcrumbList\",\"@id\":\"https:\\\/\\\/cedec.ca\\\/fr\\\/contactez-nous\\\/#breadcrumb\",\"itemListElement\":[{\"@type\":\"ListItem\",\"position\":1,\"name\":\"Home\",\"item\":\"https:\\\/\\\/cedec.ca\\\/fr\\\/\"},{\"@type\":\"ListItem\",\"position\":2,\"name\":\"Contactez-nous\"}]},{\"@type\":\"WebSite\",\"@id\":\"https:\\\/\\\/cedec.ca\\\/fr\\\/#website\",\"url\":\"https:\\\/\\\/cedec.ca\\\/fr\\\/\",\"name\":\"CEDEC\",\"description\":\"\",\"potentialAction\":[{\"@type\":\"SearchAction\",\"target\":{\"@type\":\"EntryPoint\",\"urlTemplate\":\"https:\\\/\\\/cedec.ca\\\/fr\\\/?s={search_term_string}\"},\"query-input\":{\"@type\":\"PropertyValueSpecification\",\"valueRequired\":true,\"valueName\":\"search_term_string\"}}],\"inLanguage\":\"fr-FR\"}]}<\/script>\n<!-- \/ Yoast SEO plugin. -->","yoast_head_json":{"title":"Contactez-nous - CEDEC","robots":{"index":"index","follow":"follow","max-snippet":"max-snippet:-1","max-image-preview":"max-image-preview:large","max-video-preview":"max-video-preview:-1"},"canonical":"https:\/\/cedec.ca\/fr\/contactez-nous\/","og_locale":"fr_FR","og_type":"article","og_title":"Contactez-nous - CEDEC","og_description":"Comment pouvons-nous vous aider ? La CEDEC aide les communaut\u00e9s \u00e0 tirer pleinement parti de leur potentiel cr\u00e9atif et novateur gr\u00e2ce \u00e0 des relations de collaboration entre les secteurs public et priv\u00e9 et la soci\u00e9t\u00e9 civile. Si vous avez une id\u00e9e, une question, ou si vous voulez en savoir plus sur notre travail, veuillez remplir [&hellip;]","og_url":"https:\/\/cedec.ca\/fr\/contactez-nous\/","og_site_name":"CEDEC","article_modified_time":"2022-10-28T19:27:13+00:00","twitter_card":"summary_large_image","twitter_misc":{"Dur\u00e9e de lecture estim\u00e9e":"1 minute"},"schema":{"@context":"https:\/\/schema.org","@graph":[{"@type":"WebPage","@id":"https:\/\/cedec.ca\/fr\/contactez-nous\/","url":"https:\/\/cedec.ca\/fr\/contactez-nous\/","name":"Contactez-nous - CEDEC","isPartOf":{"@id":"https:\/\/cedec.ca\/fr\/#website"},"datePublished":"2021-02-08T15:05:32+00:00","dateModified":"2022-10-28T19:27:13+00:00","breadcrumb":{"@id":"https:\/\/cedec.ca\/fr\/contactez-nous\/#breadcrumb"},"inLanguage":"fr-FR","potentialAction":[{"@type":"ReadAction","target":["https:\/\/cedec.ca\/fr\/contactez-nous\/"]}]},{"@type":"BreadcrumbList","@id":"https:\/\/cedec.ca\/fr\/contactez-nous\/#breadcrumb","itemListElement":[{"@type":"ListItem","position":1,"name":"Home","item":"https:\/\/cedec.ca\/fr\/"},{"@type":"ListItem","position":2,"name":"Contactez-nous"}]},{"@type":"WebSite","@id":"https:\/\/cedec.ca\/fr\/#website","url":"https:\/\/cedec.ca\/fr\/","name":"CEDEC","description":"","potentialAction":[{"@type":"SearchAction","target":{"@type":"EntryPoint","urlTemplate":"https:\/\/cedec.ca\/fr\/?s={search_term_string}"},"query-input":{"@type":"PropertyValueSpecification","valueRequired":true,"valueName":"search_term_string"}}],"inLanguage":"fr-FR"}]}},"_links":{"self":[{"href":"https:\/\/cedec.ca\/fr\/wp-json\/wp\/v2\/pages\/534","targetHints":{"allow":["GET"]}}],"collection":[{"href":"https:\/\/cedec.ca\/fr\/wp-json\/wp\/v2\/pages"}],"about":[{"href":"https:\/\/cedec.ca\/fr\/wp-json\/wp\/v2\/types\/page"}],"author":[{"embeddable":true,"href":"https:\/\/cedec.ca\/fr\/wp-json\/wp\/v2\/users\/3"}],"replies":[{"embeddable":true,"href":"https:\/\/cedec.ca\/fr\/wp-json\/wp\/v2\/comments?post=534"}],"version-history":[{"count":0,"href":"https:\/\/cedec.ca\/fr\/wp-json\/wp\/v2\/pages\/534\/revisions"}],"wp:attachment":[{"href":"https:\/\/cedec.ca\/fr\/wp-json\/wp\/v2\/media?parent=534"}],"curies":[{"name":"wp","href":"https:\/\/api.w.org\/{rel}","templated":true}]}}