{"id":831,"date":"2021-02-15T17:04:10","date_gmt":"2021-02-15T17:04:10","guid":{"rendered":"https:\/\/cedecnew.wpengine.com\/about-us\/"},"modified":"2021-11-08T19:04:13","modified_gmt":"2021-11-08T19:04:13","slug":"a-propos","status":"publish","type":"page","link":"https:\/\/cedec.ca\/fr\/a-propos\/","title":{"rendered":"\u00c0 propos"},"content":{"rendered":"\t\t<div data-elementor-type=\"wp-page\" data-elementor-id=\"831\" class=\"elementor elementor-831 elementor-560\" data-elementor-post-type=\"page\">\n\t\t\t\t\t\t<section class=\"elementor-section elementor-top-section elementor-element elementor-element-4346b00 elementor-section-boxed elementor-section-height-default elementor-section-height-default\" data-id=\"4346b00\" data-element_type=\"section\" data-e-type=\"section\" data-settings=\"{&quot;background_background&quot;:&quot;classic&quot;}\">\n\t\t\t\t\t\t<div class=\"elementor-container elementor-column-gap-default\">\n\t\t\t\t\t<div class=\"elementor-column elementor-col-100 elementor-top-column elementor-element elementor-element-7e79bce\" data-id=\"7e79bce\" data-element_type=\"column\" data-e-type=\"column\">\n\t\t\t<div class=\"elementor-widget-wrap elementor-element-populated\">\n\t\t\t\t\t\t<div class=\"elementor-element elementor-element-2eab443 elementor-widget elementor-widget-heading\" data-id=\"2eab443\" data-element_type=\"widget\" data-e-type=\"widget\" data-widget_type=\"heading.default\">\n\t\t\t\t<div class=\"elementor-widget-container\">\n\t\t\t\t\t<h1 class=\"elementor-heading-title elementor-size-default\">Nous sommes la CEDEC: un chef de file en stimulation de la croissance \u00e9conomique et en d\u00e9veloppement des communaut\u00e9s canadiennes. <\/h1>\t\t\t\t<\/div>\n\t\t\t\t<\/div>\n\t\t\t\t<div class=\"elementor-element elementor-element-e40076d elementor-widget elementor-widget-text-editor\" data-id=\"e40076d\" data-element_type=\"widget\" data-e-type=\"widget\" data-widget_type=\"text-editor.default\">\n\t\t\t\t<div class=\"elementor-widget-container\">\n\t\t\t\t\t\t\t\t\t<p style=\"font-weight: 400;\">La CEDEC (Corporation d\u2019employabilit\u00e9 et de d\u00e9veloppement \u00e9conomique communautaire) aide les communaut\u00e9s \u00e0 r\u00e9aliser la prosp\u00e9rit\u00e9 \u00e9conomique durable en d\u00e9terminant les plus fortes possibilit\u00e9s de croissance et d\u2019investissement et en les exploitant.<\/p><p>Nous cr\u00e9ons des partenariats entre les secteurs public et priv\u00e9 et la soci\u00e9t\u00e9 civile qui exploitent les ressources mises en commun et l\u2019expertise. Nous encourageons l\u2019innovation et la cr\u00e9ativit\u00e9 et ainsi stimulons le d\u00e9veloppement \u00e9conomique. Nous fournissons un leadership int\u00e9gr\u00e9 et coordonn\u00e9 des initiatives et nous contribuons activement \u00e0 toutes les \u00e9tapes jusqu\u2019\u00e0 leur r\u00e9alisation : de l\u2019id\u00e9e \u00e0 l\u2019action et de l\u2019action aux r\u00e9sultats.<\/p><p>Nos objectifs consistent \u00e0 aider \u00e0 la cr\u00e9ation d\u2019emplois, \u00e0 augmenter les comp\u00e9tences des travailleurs, \u00e0 b\u00e2tir et faire cro\u00eetre des entreprises et \u00e0 augmenter les investissements.<\/p>\t\t\t\t\t\t\t\t<\/div>\n\t\t\t\t<\/div>\n\t\t\t\t<section class=\"elementor-section elementor-inner-section elementor-element elementor-element-2bf77f1 elementor-section-boxed elementor-section-height-default elementor-section-height-default\" data-id=\"2bf77f1\" data-element_type=\"section\" data-e-type=\"section\">\n\t\t\t\t\t\t<div class=\"elementor-container elementor-column-gap-default\">\n\t\t\t\t\t<div class=\"elementor-column elementor-col-100 elementor-inner-column elementor-element elementor-element-4e4c612\" data-id=\"4e4c612\" data-element_type=\"column\" data-e-type=\"column\" data-settings=\"{&quot;background_background&quot;:&quot;classic&quot;}\">\n\t\t\t<div class=\"elementor-widget-wrap elementor-element-populated\">\n\t\t\t\t\t\t<div class=\"elementor-element elementor-element-75bad90 elementor-widget elementor-widget-heading\" data-id=\"75bad90\" data-element_type=\"widget\" data-e-type=\"widget\" data-widget_type=\"heading.default\">\n\t\t\t\t<div class=\"elementor-widget-container\">\n\t\t\t\t\t<h2 class=\"elementor-heading-title elementor-size-default\">Regardez les possibilit\u00e9s d\u2019une nouvelle fa\u00e7on et augmentez l\u2019activit\u00e9 \u00e9conomique de votre collectivit\u00e9! <\/h2>\t\t\t\t<\/div>\n\t\t\t\t<\/div>\n\t\t\t\t<div class=\"elementor-element elementor-element-0e69eb8 elementor-align-left elementor-widget elementor-widget-button\" data-id=\"0e69eb8\" data-element_type=\"widget\" data-e-type=\"widget\" data-widget_type=\"button.default\">\n\t\t\t\t<div class=\"elementor-widget-container\">\n\t\t\t\t\t\t\t\t\t<div class=\"elementor-button-wrapper\">\n\t\t\t\t\t<a class=\"elementor-button elementor-button-link elementor-size-sm\" href=\"\/fr\/contactez-nous\/\">\n\t\t\t\t\t\t<span class=\"elementor-button-content-wrapper\">\n\t\t\t\t\t\t\t\t\t<span class=\"elementor-button-text\">TRAVAILLER AVEC LA CEDEC<\/span>\n\t\t\t\t\t<\/span>\n\t\t\t\t\t<\/a>\n\t\t\t\t<\/div>\n\t\t\t\t\t\t\t\t<\/div>\n\t\t\t\t<\/div>\n\t\t\t\t\t<\/div>\n\t\t<\/div>\n\t\t\t\t\t<\/div>\n\t\t<\/section>\n\t\t\t\t\t<\/div>\n\t\t<\/div>\n\t\t\t\t\t<\/div>\n\t\t<\/section>\n\t\t\t\t<\/div>\n\t\t","protected":false},"excerpt":{"rendered":"<p>Nous sommes la CEDEC: un chef de file en stimulation de la croissance \u00e9conomique et en d\u00e9veloppement des communaut\u00e9s canadiennes. La CEDEC (Corporation d\u2019employabilit\u00e9 et de d\u00e9veloppement \u00e9conomique communautaire) aide les communaut\u00e9s \u00e0 r\u00e9aliser la prosp\u00e9rit\u00e9 \u00e9conomique durable en d\u00e9terminant les plus fortes possibilit\u00e9s de croissance et d\u2019investissement et en les exploitant. Nous cr\u00e9ons des [&hellip;]<\/p>\n","protected":false},"author":3,"featured_media":0,"parent":0,"menu_order":0,"comment_status":"closed","ping_status":"closed","template":"","meta":{"_acf_changed":false,"footnotes":""},"class_list":["post-831","page","type-page","status-publish","hentry","entry"],"acf":[],"yoast_head":"<!-- This site is optimized with the Yoast SEO plugin v27.3 - https:\/\/yoast.com\/product\/yoast-seo-wordpress\/ -->\n<title>\u00c0 propos - CEDEC<\/title>\n<meta name=\"robots\" content=\"index, follow, max-snippet:-1, max-image-preview:large, max-video-preview:-1\" \/>\n<link rel=\"canonical\" href=\"https:\/\/cedec.ca\/fr\/a-propos\/\" \/>\n<meta property=\"og:locale\" content=\"fr_FR\" \/>\n<meta property=\"og:type\" content=\"article\" \/>\n<meta property=\"og:title\" content=\"\u00c0 propos - CEDEC\" \/>\n<meta property=\"og:description\" content=\"Nous sommes la CEDEC: un chef de file en stimulation de la croissance \u00e9conomique et en d\u00e9veloppement des communaut\u00e9s canadiennes. La CEDEC (Corporation d\u2019employabilit\u00e9 et de d\u00e9veloppement \u00e9conomique communautaire) aide les communaut\u00e9s \u00e0 r\u00e9aliser la prosp\u00e9rit\u00e9 \u00e9conomique durable en d\u00e9terminant les plus fortes possibilit\u00e9s de croissance et d\u2019investissement et en les exploitant. Nous cr\u00e9ons des [&hellip;]\" \/>\n<meta property=\"og:url\" content=\"https:\/\/cedec.ca\/fr\/a-propos\/\" \/>\n<meta property=\"og:site_name\" content=\"CEDEC\" \/>\n<meta property=\"article:modified_time\" content=\"2021-11-08T19:04:13+00:00\" \/>\n<meta name=\"twitter:card\" content=\"summary_large_image\" \/>\n<meta name=\"twitter:label1\" content=\"Dur\u00e9e de lecture estim\u00e9e\" \/>\n\t<meta name=\"twitter:data1\" content=\"1 minute\" \/>\n<script type=\"application\/ld+json\" class=\"yoast-schema-graph\">{\"@context\":\"https:\\\/\\\/schema.org\",\"@graph\":[{\"@type\":\"WebPage\",\"@id\":\"https:\\\/\\\/cedec.ca\\\/fr\\\/a-propos\\\/\",\"url\":\"https:\\\/\\\/cedec.ca\\\/fr\\\/a-propos\\\/\",\"name\":\"\u00c0 propos - CEDEC\",\"isPartOf\":{\"@id\":\"https:\\\/\\\/cedec.ca\\\/fr\\\/#website\"},\"datePublished\":\"2021-02-15T17:04:10+00:00\",\"dateModified\":\"2021-11-08T19:04:13+00:00\",\"breadcrumb\":{\"@id\":\"https:\\\/\\\/cedec.ca\\\/fr\\\/a-propos\\\/#breadcrumb\"},\"inLanguage\":\"fr-FR\",\"potentialAction\":[{\"@type\":\"ReadAction\",\"target\":[\"https:\\\/\\\/cedec.ca\\\/fr\\\/a-propos\\\/\"]}]},{\"@type\":\"BreadcrumbList\",\"@id\":\"https:\\\/\\\/cedec.ca\\\/fr\\\/a-propos\\\/#breadcrumb\",\"itemListElement\":[{\"@type\":\"ListItem\",\"position\":1,\"name\":\"Home\",\"item\":\"https:\\\/\\\/cedec.ca\\\/fr\\\/\"},{\"@type\":\"ListItem\",\"position\":2,\"name\":\"\u00c0 propos\"}]},{\"@type\":\"WebSite\",\"@id\":\"https:\\\/\\\/cedec.ca\\\/fr\\\/#website\",\"url\":\"https:\\\/\\\/cedec.ca\\\/fr\\\/\",\"name\":\"CEDEC\",\"description\":\"\",\"potentialAction\":[{\"@type\":\"SearchAction\",\"target\":{\"@type\":\"EntryPoint\",\"urlTemplate\":\"https:\\\/\\\/cedec.ca\\\/fr\\\/?s={search_term_string}\"},\"query-input\":{\"@type\":\"PropertyValueSpecification\",\"valueRequired\":true,\"valueName\":\"search_term_string\"}}],\"inLanguage\":\"fr-FR\"}]}<\/script>\n<!-- \/ Yoast SEO plugin. -->","yoast_head_json":{"title":"\u00c0 propos - CEDEC","robots":{"index":"index","follow":"follow","max-snippet":"max-snippet:-1","max-image-preview":"max-image-preview:large","max-video-preview":"max-video-preview:-1"},"canonical":"https:\/\/cedec.ca\/fr\/a-propos\/","og_locale":"fr_FR","og_type":"article","og_title":"\u00c0 propos - CEDEC","og_description":"Nous sommes la CEDEC: un chef de file en stimulation de la croissance \u00e9conomique et en d\u00e9veloppement des communaut\u00e9s canadiennes. La CEDEC (Corporation d\u2019employabilit\u00e9 et de d\u00e9veloppement \u00e9conomique communautaire) aide les communaut\u00e9s \u00e0 r\u00e9aliser la prosp\u00e9rit\u00e9 \u00e9conomique durable en d\u00e9terminant les plus fortes possibilit\u00e9s de croissance et d\u2019investissement et en les exploitant. Nous cr\u00e9ons des [&hellip;]","og_url":"https:\/\/cedec.ca\/fr\/a-propos\/","og_site_name":"CEDEC","article_modified_time":"2021-11-08T19:04:13+00:00","twitter_card":"summary_large_image","twitter_misc":{"Dur\u00e9e de lecture estim\u00e9e":"1 minute"},"schema":{"@context":"https:\/\/schema.org","@graph":[{"@type":"WebPage","@id":"https:\/\/cedec.ca\/fr\/a-propos\/","url":"https:\/\/cedec.ca\/fr\/a-propos\/","name":"\u00c0 propos - CEDEC","isPartOf":{"@id":"https:\/\/cedec.ca\/fr\/#website"},"datePublished":"2021-02-15T17:04:10+00:00","dateModified":"2021-11-08T19:04:13+00:00","breadcrumb":{"@id":"https:\/\/cedec.ca\/fr\/a-propos\/#breadcrumb"},"inLanguage":"fr-FR","potentialAction":[{"@type":"ReadAction","target":["https:\/\/cedec.ca\/fr\/a-propos\/"]}]},{"@type":"BreadcrumbList","@id":"https:\/\/cedec.ca\/fr\/a-propos\/#breadcrumb","itemListElement":[{"@type":"ListItem","position":1,"name":"Home","item":"https:\/\/cedec.ca\/fr\/"},{"@type":"ListItem","position":2,"name":"\u00c0 propos"}]},{"@type":"WebSite","@id":"https:\/\/cedec.ca\/fr\/#website","url":"https:\/\/cedec.ca\/fr\/","name":"CEDEC","description":"","potentialAction":[{"@type":"SearchAction","target":{"@type":"EntryPoint","urlTemplate":"https:\/\/cedec.ca\/fr\/?s={search_term_string}"},"query-input":{"@type":"PropertyValueSpecification","valueRequired":true,"valueName":"search_term_string"}}],"inLanguage":"fr-FR"}]}},"_links":{"self":[{"href":"https:\/\/cedec.ca\/fr\/wp-json\/wp\/v2\/pages\/831","targetHints":{"allow":["GET"]}}],"collection":[{"href":"https:\/\/cedec.ca\/fr\/wp-json\/wp\/v2\/pages"}],"about":[{"href":"https:\/\/cedec.ca\/fr\/wp-json\/wp\/v2\/types\/page"}],"author":[{"embeddable":true,"href":"https:\/\/cedec.ca\/fr\/wp-json\/wp\/v2\/users\/3"}],"replies":[{"embeddable":true,"href":"https:\/\/cedec.ca\/fr\/wp-json\/wp\/v2\/comments?post=831"}],"version-history":[{"count":0,"href":"https:\/\/cedec.ca\/fr\/wp-json\/wp\/v2\/pages\/831\/revisions"}],"wp:attachment":[{"href":"https:\/\/cedec.ca\/fr\/wp-json\/wp\/v2\/media?parent=831"}],"curies":[{"name":"wp","href":"https:\/\/api.w.org\/{rel}","templated":true}]}}